{"id":2661,"date":"2015-11-04T19:39:19","date_gmt":"2015-11-04T18:39:19","guid":{"rendered":"http:\/\/vins-bohn.alsace\/de\/?page_id=2661"},"modified":"2016-03-01T10:07:10","modified_gmt":"2016-03-01T09:07:10","slug":"der-pinot-blanc","status":"publish","type":"page","link":"http:\/\/vins-bohn.alsace\/de\/der-pinot-blanc\/","title":{"rendered":"Der Pinot blanc"},"content":{"rendered":"<p><strong>Seine Urspr\u00fcnge:<\/strong><br \/>\nDies war nach dem Kongress von Chalons 1896, dass diese Rebsorte Chardonnay ausgezeichnet wurde. Dies ist die wei\u00dfe Sorte Pinot Schwarz im Jahr 1895 beobachtet von Pulliat in Chassagne-Montrachet und dann im Jahre 1896 von Durand in Nuits-Saint-Georges.<\/p>\n<p><strong>Die aufnehmen:<\/strong><br \/>\nLicht als sch\u00f6ner Fr\u00fchlingstag, dieser Wein zeigt eine nuancierte diskreten Charme, Leichtigkeit.<br \/>\nSpielen eine perfekte Balance zwischen einem zarten Geschmack und einer gemessenen S\u00e4ure, passt er mit Leichtigkeit die schmackhaften Mahlzeiten t\u00e4glich zu begleiten. Nie unvorbereitet, es ist der beste Ort, improvisierte Buffet, kleine Snacks f\u00fcr unterwegs, wei\u00dfem Fleisch langsam gegart, gegrillten Fisch oder Salate Neid.<br \/>\nEr begleitet leicht auf die reiche Textur der Eier: gebraten, Omelette oder Quiche. Seine zarte und weiche Schattierungen wirken Wunder mit jungem K\u00e4se Milchcharakter wie Tomme, Saint-Nectaire oder Chaource.<\/p>\n","protected":false},"excerpt":{"rendered":"<p>Seine Urspr\u00fcnge: Dies war nach dem Kongress von Chalons 1896, dass diese Rebsorte Chardonnay ausgezeichnet wurde. Dies ist die wei\u00dfe Sorte Pinot Schwarz im Jahr 1895 [&hellip;]<\/p>\n","protected":false},"author":1,"featured_media":0,"parent":0,"menu_order":0,"comment_status":"closed","ping_status":"closed","template":"","meta":{"footnotes":""},"yoast_head":"<!-- This site is optimized with the Yoast SEO plugin v21.6 - https:\/\/yoast.com\/wordpress\/plugins\/seo\/ -->\n<title>Der Pinot blanc - Vins d&#039;Alsace BOHN RENE<\/title>\n<meta name=\"robots\" content=\"index, follow, max-snippet:-1, max-image-preview:large, max-video-preview:-1\" \/>\n<link rel=\"canonical\" href=\"http:\/\/vins-bohn.alsace\/de\/der-pinot-blanc\/\" \/>\n<meta property=\"og:locale\" content=\"de_DE\" \/>\n<meta property=\"og:type\" content=\"article\" \/>\n<meta property=\"og:title\" content=\"Der Pinot blanc - Vins d&#039;Alsace BOHN RENE\" \/>\n<meta property=\"og:description\" content=\"Seine Urspr\u00fcnge: Dies war nach dem Kongress von Chalons 1896, dass diese Rebsorte Chardonnay ausgezeichnet wurde. Dies ist die wei\u00dfe Sorte Pinot Schwarz im Jahr 1895 [&hellip;]\" \/>\n<meta property=\"og:url\" content=\"http:\/\/vins-bohn.alsace\/de\/der-pinot-blanc\/\" \/>\n<meta property=\"og:site_name\" content=\"Vins d&#039;Alsace BOHN RENE\" \/>\n<meta property=\"article:modified_time\" content=\"2016-03-01T09:07:10+00:00\" \/>\n<meta name=\"twitter:card\" content=\"summary_large_image\" \/>\n<meta name=\"twitter:label1\" content=\"Gesch\u00e4tzte Lesezeit\" \/>\n\t<meta name=\"twitter:data1\" content=\"1\u00a0Minute\" \/>\n<script type=\"application\/ld+json\" class=\"yoast-schema-graph\">{\"@context\":\"https:\/\/schema.org\",\"@graph\":[{\"@type\":\"WebPage\",\"@id\":\"http:\/\/vins-bohn.alsace\/de\/der-pinot-blanc\/\",\"url\":\"http:\/\/vins-bohn.alsace\/de\/der-pinot-blanc\/\",\"name\":\"Der Pinot blanc - Vins d&#039;Alsace BOHN RENE\",\"isPartOf\":{\"@id\":\"http:\/\/vins-bohn.alsace\/#website\"},\"datePublished\":\"2015-11-04T18:39:19+00:00\",\"dateModified\":\"2016-03-01T09:07:10+00:00\",\"breadcrumb\":{\"@id\":\"http:\/\/vins-bohn.alsace\/de\/der-pinot-blanc\/#breadcrumb\"},\"inLanguage\":\"de\",\"potentialAction\":[{\"@type\":\"ReadAction\",\"target\":[\"http:\/\/vins-bohn.alsace\/de\/der-pinot-blanc\/\"]}]},{\"@type\":\"BreadcrumbList\",\"@id\":\"http:\/\/vins-bohn.alsace\/de\/der-pinot-blanc\/#breadcrumb\",\"itemListElement\":[{\"@type\":\"ListItem\",\"position\":1,\"name\":\"Accueil\",\"item\":\"https:\/\/vins-bohn.alsace\/de\/\"},{\"@type\":\"ListItem\",\"position\":2,\"name\":\"Der Pinot blanc\"}]},{\"@type\":\"WebSite\",\"@id\":\"http:\/\/vins-bohn.alsace\/#website\",\"url\":\"http:\/\/vins-bohn.alsace\/\",\"name\":\"Vins d&#039;Alsace BOHN RENE\",\"description\":\"Vin de Blienschwiller - Route des Vins Alsace\",\"potentialAction\":[{\"@type\":\"SearchAction\",\"target\":{\"@type\":\"EntryPoint\",\"urlTemplate\":\"http:\/\/vins-bohn.alsace\/?s={search_term_string}\"},\"query-input\":\"required name=search_term_string\"}],\"inLanguage\":\"de\"}]}<\/script>\n<!-- \/ Yoast SEO plugin. -->","yoast_head_json":{"title":"Der Pinot blanc - Vins d&#039;Alsace BOHN RENE","robots":{"index":"index","follow":"follow","max-snippet":"max-snippet:-1","max-image-preview":"max-image-preview:large","max-video-preview":"max-video-preview:-1"},"canonical":"http:\/\/vins-bohn.alsace\/de\/der-pinot-blanc\/","og_locale":"de_DE","og_type":"article","og_title":"Der Pinot blanc - Vins d&#039;Alsace BOHN RENE","og_description":"Seine Urspr\u00fcnge: Dies war nach dem Kongress von Chalons 1896, dass diese Rebsorte Chardonnay ausgezeichnet wurde. Dies ist die wei\u00dfe Sorte Pinot Schwarz im Jahr 1895 [&hellip;]","og_url":"http:\/\/vins-bohn.alsace\/de\/der-pinot-blanc\/","og_site_name":"Vins d&#039;Alsace BOHN RENE","article_modified_time":"2016-03-01T09:07:10+00:00","twitter_card":"summary_large_image","twitter_misc":{"Gesch\u00e4tzte Lesezeit":"1\u00a0Minute"},"schema":{"@context":"https:\/\/schema.org","@graph":[{"@type":"WebPage","@id":"http:\/\/vins-bohn.alsace\/de\/der-pinot-blanc\/","url":"http:\/\/vins-bohn.alsace\/de\/der-pinot-blanc\/","name":"Der Pinot blanc - Vins d&#039;Alsace BOHN RENE","isPartOf":{"@id":"http:\/\/vins-bohn.alsace\/#website"},"datePublished":"2015-11-04T18:39:19+00:00","dateModified":"2016-03-01T09:07:10+00:00","breadcrumb":{"@id":"http:\/\/vins-bohn.alsace\/de\/der-pinot-blanc\/#breadcrumb"},"inLanguage":"de","potentialAction":[{"@type":"ReadAction","target":["http:\/\/vins-bohn.alsace\/de\/der-pinot-blanc\/"]}]},{"@type":"BreadcrumbList","@id":"http:\/\/vins-bohn.alsace\/de\/der-pinot-blanc\/#breadcrumb","itemListElement":[{"@type":"ListItem","position":1,"name":"Accueil","item":"https:\/\/vins-bohn.alsace\/de\/"},{"@type":"ListItem","position":2,"name":"Der Pinot blanc"}]},{"@type":"WebSite","@id":"http:\/\/vins-bohn.alsace\/#website","url":"http:\/\/vins-bohn.alsace\/","name":"Vins d&#039;Alsace BOHN RENE","description":"Vin de Blienschwiller - Route des Vins Alsace","potentialAction":[{"@type":"SearchAction","target":{"@type":"EntryPoint","urlTemplate":"http:\/\/vins-bohn.alsace\/?s={search_term_string}"},"query-input":"required name=search_term_string"}],"inLanguage":"de"}]}},"_links":{"self":[{"href":"http:\/\/vins-bohn.alsace\/de\/wp-json\/wp\/v2\/pages\/2661"}],"collection":[{"href":"http:\/\/vins-bohn.alsace\/de\/wp-json\/wp\/v2\/pages"}],"about":[{"href":"http:\/\/vins-bohn.alsace\/de\/wp-json\/wp\/v2\/types\/page"}],"author":[{"embeddable":true,"href":"http:\/\/vins-bohn.alsace\/de\/wp-json\/wp\/v2\/users\/1"}],"replies":[{"embeddable":true,"href":"http:\/\/vins-bohn.alsace\/de\/wp-json\/wp\/v2\/comments?post=2661"}],"version-history":[{"count":3,"href":"http:\/\/vins-bohn.alsace\/de\/wp-json\/wp\/v2\/pages\/2661\/revisions"}],"predecessor-version":[{"id":2825,"href":"http:\/\/vins-bohn.alsace\/de\/wp-json\/wp\/v2\/pages\/2661\/revisions\/2825"}],"wp:attachment":[{"href":"http:\/\/vins-bohn.alsace\/de\/wp-json\/wp\/v2\/media?parent=2661"}],"curies":[{"name":"wp","href":"https:\/\/api.w.org\/{rel}","templated":true}]}}