{"id":2634,"date":"2016-02-15T13:27:02","date_gmt":"2016-02-15T12:27:02","guid":{"rendered":"http:\/\/vins-bohn.alsace\/de\/?page_id=2634"},"modified":"2016-03-01T09:36:49","modified_gmt":"2016-03-01T08:36:49","slug":"die-familie-bohn","status":"publish","type":"page","link":"https:\/\/vins-bohn.alsace\/de\/die-familie-bohn\/","title":{"rendered":"Die Familie BOHN"},"content":{"rendered":"<p style=\"text-align: left;\"><span style=\"font-family: arial, helvetica, sans-serif; font-size: 12pt;\"><img loading=\"lazy\" decoding=\"async\" class=\"alignleft wp-image-2597\" src=\"http:\/\/vins-bohn.alsace\/wp-content\/uploads\/2015\/11\/vendanges-ancetres-bohn.jpg\" alt=\"vendanges ancetres bohn\" width=\"563\" height=\"270\" srcset=\"https:\/\/vins-bohn.alsace\/wp-content\/uploads\/2015\/11\/vendanges-ancetres-bohn.jpg 868w, https:\/\/vins-bohn.alsace\/wp-content\/uploads\/2015\/11\/vendanges-ancetres-bohn-300x144.jpg 300w, https:\/\/vins-bohn.alsace\/wp-content\/uploads\/2015\/11\/vendanges-ancetres-bohn-260x125.jpg 260w, https:\/\/vins-bohn.alsace\/wp-content\/uploads\/2015\/11\/vendanges-ancetres-bohn-50x24.jpg 50w, https:\/\/vins-bohn.alsace\/wp-content\/uploads\/2015\/11\/vendanges-ancetres-bohn-150x72.jpg 150w\" sizes=\"(max-width: 563px) 100vw, 563px\" \/><\/span><\/p>\n<p><strong>Eines der \u00e4ltesten Familien Blienschwiller<\/strong><br \/>\nist, dass von Bohn, in der Stadt f\u00fcr eine lange Zeit gelegen, vielleicht seit dem Mittelalter, dem f\u00fcnfzehnten Jahrhundert zumindest seit. Eine sehr alte Weintradition charakterisiert diese Familie, wie durch die Inschriften auf den Sturz der Veranda belegt.<\/p>\n<p>Das Jahr 1633 und der Winzer cerpette sind in Stein gemei\u00dfelt.<\/p>\n<p><strong>Francois Joseph BOHN<\/strong> einer der ber\u00fchmtesten Mitglieder war geboren in Blienschwiller im Jahre 1763, er trat in 1785 in der 10. Dragonerregiment, trat dann ein anderes Kavallerie-Regiment: 1. Husaren. Napoleon sch\u00e4tzte die Els\u00e4sser Offiziere reinen Sinn f\u00fcr Disziplin, Pflicht und Tapferkeit angesehen. Mehr als 60 von ihnen wird allgemein wurde, 24 haben ihre Namen auf dem Arc de Triomphe eingraviert.<\/p>\n<p>Der Kaiser sagte einmal zu seinen Offizieren, die sich dar\u00fcber beschwert, dass ihre els\u00e4ssischen Kollegen wurden in Dialekt sprechen &#8220;lassen sie ihre Kauderwelsch reden, sofern sie mit dem Franz\u00f6sisch schneiden! &#8221;<\/p>\n<p>Francois Joseph BOHN war eigentlich von denen, die sprach Els\u00e4sser und k\u00e4mpfte wie ein Franz\u00f6sisch. Wounded zweimal in Italien, nahm er mit einem verschwand 100aine Husaren 16 Kanonen, 300 Senkk\u00e4sten, 7 Flaggen und machte 5000 Gefangene.<\/p>\n<p>In AD 11 hat der erste Konsul Bonaparte das Vertrauen in die Sch\u00e4tzung und die Loyalit\u00e4t der B\u00fcrger Bohn ihn zum Kapit\u00e4n des Regiments von J\u00e4gern zu Pferde aus der staatlichen Verwahrung. Fran\u00e7ois Joseph bestieg den Rang eines Oberst des 7. J\u00e4ger und wurde zum Offizier der Ehrenlegion ernannt.<\/p>\n<p style=\"text-align: center;\">* * * * * * *<\/p>\n<p><span style=\"font-family: arial, helvetica, sans-serif; font-size: 12pt;\"><img loading=\"lazy\" decoding=\"async\" class=\"alignleft wp-image-2598\" src=\"http:\/\/vins-bohn.alsace\/wp-content\/uploads\/2015\/11\/famille-bohn11.jpg\" alt=\"famille bohn1\" width=\"236\" height=\"331\" srcset=\"https:\/\/vins-bohn.alsace\/wp-content\/uploads\/2015\/11\/famille-bohn11.jpg 442w, https:\/\/vins-bohn.alsace\/wp-content\/uploads\/2015\/11\/famille-bohn11-214x300.jpg 214w, https:\/\/vins-bohn.alsace\/wp-content\/uploads\/2015\/11\/famille-bohn11-104x146.jpg 104w, https:\/\/vins-bohn.alsace\/wp-content\/uploads\/2015\/11\/famille-bohn11-36x50.jpg 36w, https:\/\/vins-bohn.alsace\/wp-content\/uploads\/2015\/11\/famille-bohn11-53x75.jpg 53w\" sizes=\"(max-width: 236px) 100vw, 236px\" \/><img loading=\"lazy\" decoding=\"async\" class=\"alignleft wp-image-2596\" src=\"http:\/\/vins-bohn.alsace\/wp-content\/uploads\/2015\/11\/vendanges2000.jpg\" alt=\"vendanges2000\" width=\"496\" height=\"331\" srcset=\"https:\/\/vins-bohn.alsace\/wp-content\/uploads\/2015\/11\/vendanges2000.jpg 589w, https:\/\/vins-bohn.alsace\/wp-content\/uploads\/2015\/11\/vendanges2000-300x200.jpg 300w, https:\/\/vins-bohn.alsace\/wp-content\/uploads\/2015\/11\/vendanges2000-219x146.jpg 219w, https:\/\/vins-bohn.alsace\/wp-content\/uploads\/2015\/11\/vendanges2000-50x33.jpg 50w, https:\/\/vins-bohn.alsace\/wp-content\/uploads\/2015\/11\/vendanges2000-112x75.jpg 112w\" sizes=\"(max-width: 496px) 100vw, 496px\" \/><\/span><\/p>\n<p><strong>Ren\u00e9 Bohn<\/strong>, Gro\u00dfvater des heutigen Besitzers , verschwand im Jahr 1985 , aber seine Arbeit bleibt , dass von einem gro\u00dfen Wein und einem gro\u00dfen B\u00fcrgermeister meiner kleinen Stadt in Blienschwiller . Er war stellvertretender B\u00fcrgermeister von 1945 bis 1953 , B\u00fcrgermeister von 1953 bis 1977 .<\/p>\n<p>Dank seiner Dynamik, die Gemeinde Blienschwiller bemerkenswert gewachsen ist, war er ein Pionier der intercommunal . F\u00fcr seine Arbeit in gemeinn\u00fctziger Arbeit erhielt er die Medaille des Departement Bas -Rhin und die Medaille Abteilungs- und kommunale Ehren Vermeil .<\/p>\n<p>Winemaker Avantgarde, er auf die F\u00f6rderung und die Qualit\u00e4t der Weine aus dem Elsass wesentlich dazu beigetragen hat , war er Offizier der Agrar Merit .<\/p>\n<p>Das Familienunternehmen wird heute von Remy Bohn laufen , der nach seinem Studium in Weinbau und \u00d6nologie \u00fcbernommen.<\/p>\n<p>Remy Bohn ist der Garant f\u00fcr Tradition , weil sie aus einer sehr gro\u00dfen Familie Weinberg kommt.<\/p>\n","protected":false},"excerpt":{"rendered":"<p>Eines der \u00e4ltesten Familien Blienschwiller ist, dass von Bohn, in der Stadt f\u00fcr eine lange Zeit gelegen, vielleicht seit dem Mittelalter, dem f\u00fcnfzehnten Jahrhundert zumindest seit. [&hellip;]<\/p>\n","protected":false},"author":1,"featured_media":0,"parent":0,"menu_order":0,"comment_status":"closed","ping_status":"closed","template":"","meta":{"footnotes":""},"yoast_head":"<!-- This site is optimized with the Yoast SEO plugin v21.6 - https:\/\/yoast.com\/wordpress\/plugins\/seo\/ -->\n<title>Die Familie BOHN - Vins d&#039;Alsace BOHN RENE<\/title>\n<meta name=\"robots\" content=\"index, follow, max-snippet:-1, max-image-preview:large, max-video-preview:-1\" \/>\n<link rel=\"canonical\" href=\"https:\/\/vins-bohn.alsace\/de\/die-familie-bohn\/\" \/>\n<meta property=\"og:locale\" content=\"de_DE\" \/>\n<meta property=\"og:type\" content=\"article\" \/>\n<meta property=\"og:title\" content=\"Die Familie BOHN - Vins d&#039;Alsace BOHN RENE\" \/>\n<meta property=\"og:description\" content=\"Eines der \u00e4ltesten Familien Blienschwiller ist, dass von Bohn, in der Stadt f\u00fcr eine lange Zeit gelegen, vielleicht seit dem Mittelalter, dem f\u00fcnfzehnten Jahrhundert zumindest seit. [&hellip;]\" \/>\n<meta property=\"og:url\" content=\"https:\/\/vins-bohn.alsace\/de\/die-familie-bohn\/\" \/>\n<meta property=\"og:site_name\" content=\"Vins d&#039;Alsace BOHN RENE\" \/>\n<meta property=\"article:modified_time\" content=\"2016-03-01T08:36:49+00:00\" \/>\n<meta property=\"og:image\" content=\"http:\/\/vins-bohn.alsace\/wp-content\/uploads\/2015\/11\/vendanges-ancetres-bohn.jpg\" \/>\n<meta name=\"twitter:card\" content=\"summary_large_image\" \/>\n<meta name=\"twitter:label1\" content=\"Gesch\u00e4tzte Lesezeit\" \/>\n\t<meta name=\"twitter:data1\" content=\"2\u00a0Minuten\" \/>\n<script type=\"application\/ld+json\" class=\"yoast-schema-graph\">{\"@context\":\"https:\/\/schema.org\",\"@graph\":[{\"@type\":\"WebPage\",\"@id\":\"https:\/\/vins-bohn.alsace\/de\/die-familie-bohn\/\",\"url\":\"https:\/\/vins-bohn.alsace\/de\/die-familie-bohn\/\",\"name\":\"Die Familie BOHN - Vins d&#039;Alsace BOHN RENE\",\"isPartOf\":{\"@id\":\"http:\/\/vins-bohn.alsace\/#website\"},\"datePublished\":\"2016-02-15T12:27:02+00:00\",\"dateModified\":\"2016-03-01T08:36:49+00:00\",\"breadcrumb\":{\"@id\":\"https:\/\/vins-bohn.alsace\/de\/die-familie-bohn\/#breadcrumb\"},\"inLanguage\":\"de\",\"potentialAction\":[{\"@type\":\"ReadAction\",\"target\":[\"https:\/\/vins-bohn.alsace\/de\/die-familie-bohn\/\"]}]},{\"@type\":\"BreadcrumbList\",\"@id\":\"https:\/\/vins-bohn.alsace\/de\/die-familie-bohn\/#breadcrumb\",\"itemListElement\":[{\"@type\":\"ListItem\",\"position\":1,\"name\":\"Accueil\",\"item\":\"http:\/\/vins-bohn.alsace\/de\/\"},{\"@type\":\"ListItem\",\"position\":2,\"name\":\"Die Familie BOHN\"}]},{\"@type\":\"WebSite\",\"@id\":\"http:\/\/vins-bohn.alsace\/#website\",\"url\":\"http:\/\/vins-bohn.alsace\/\",\"name\":\"Vins d&#039;Alsace BOHN RENE\",\"description\":\"Vin de Blienschwiller - Route des Vins Alsace\",\"potentialAction\":[{\"@type\":\"SearchAction\",\"target\":{\"@type\":\"EntryPoint\",\"urlTemplate\":\"http:\/\/vins-bohn.alsace\/?s={search_term_string}\"},\"query-input\":\"required name=search_term_string\"}],\"inLanguage\":\"de\"}]}<\/script>\n<!-- \/ Yoast SEO plugin. -->","yoast_head_json":{"title":"Die Familie BOHN - Vins d&#039;Alsace BOHN RENE","robots":{"index":"index","follow":"follow","max-snippet":"max-snippet:-1","max-image-preview":"max-image-preview:large","max-video-preview":"max-video-preview:-1"},"canonical":"https:\/\/vins-bohn.alsace\/de\/die-familie-bohn\/","og_locale":"de_DE","og_type":"article","og_title":"Die Familie BOHN - Vins d&#039;Alsace BOHN RENE","og_description":"Eines der \u00e4ltesten Familien Blienschwiller ist, dass von Bohn, in der Stadt f\u00fcr eine lange Zeit gelegen, vielleicht seit dem Mittelalter, dem f\u00fcnfzehnten Jahrhundert zumindest seit. [&hellip;]","og_url":"https:\/\/vins-bohn.alsace\/de\/die-familie-bohn\/","og_site_name":"Vins d&#039;Alsace BOHN RENE","article_modified_time":"2016-03-01T08:36:49+00:00","og_image":[{"url":"http:\/\/vins-bohn.alsace\/wp-content\/uploads\/2015\/11\/vendanges-ancetres-bohn.jpg"}],"twitter_card":"summary_large_image","twitter_misc":{"Gesch\u00e4tzte Lesezeit":"2\u00a0Minuten"},"schema":{"@context":"https:\/\/schema.org","@graph":[{"@type":"WebPage","@id":"https:\/\/vins-bohn.alsace\/de\/die-familie-bohn\/","url":"https:\/\/vins-bohn.alsace\/de\/die-familie-bohn\/","name":"Die Familie BOHN - Vins d&#039;Alsace BOHN RENE","isPartOf":{"@id":"http:\/\/vins-bohn.alsace\/#website"},"datePublished":"2016-02-15T12:27:02+00:00","dateModified":"2016-03-01T08:36:49+00:00","breadcrumb":{"@id":"https:\/\/vins-bohn.alsace\/de\/die-familie-bohn\/#breadcrumb"},"inLanguage":"de","potentialAction":[{"@type":"ReadAction","target":["https:\/\/vins-bohn.alsace\/de\/die-familie-bohn\/"]}]},{"@type":"BreadcrumbList","@id":"https:\/\/vins-bohn.alsace\/de\/die-familie-bohn\/#breadcrumb","itemListElement":[{"@type":"ListItem","position":1,"name":"Accueil","item":"http:\/\/vins-bohn.alsace\/de\/"},{"@type":"ListItem","position":2,"name":"Die Familie BOHN"}]},{"@type":"WebSite","@id":"http:\/\/vins-bohn.alsace\/#website","url":"http:\/\/vins-bohn.alsace\/","name":"Vins d&#039;Alsace BOHN RENE","description":"Vin de Blienschwiller - Route des Vins Alsace","potentialAction":[{"@type":"SearchAction","target":{"@type":"EntryPoint","urlTemplate":"http:\/\/vins-bohn.alsace\/?s={search_term_string}"},"query-input":"required name=search_term_string"}],"inLanguage":"de"}]}},"_links":{"self":[{"href":"https:\/\/vins-bohn.alsace\/de\/wp-json\/wp\/v2\/pages\/2634"}],"collection":[{"href":"https:\/\/vins-bohn.alsace\/de\/wp-json\/wp\/v2\/pages"}],"about":[{"href":"https:\/\/vins-bohn.alsace\/de\/wp-json\/wp\/v2\/types\/page"}],"author":[{"embeddable":true,"href":"https:\/\/vins-bohn.alsace\/de\/wp-json\/wp\/v2\/users\/1"}],"replies":[{"embeddable":true,"href":"https:\/\/vins-bohn.alsace\/de\/wp-json\/wp\/v2\/comments?post=2634"}],"version-history":[{"count":4,"href":"https:\/\/vins-bohn.alsace\/de\/wp-json\/wp\/v2\/pages\/2634\/revisions"}],"predecessor-version":[{"id":2805,"href":"https:\/\/vins-bohn.alsace\/de\/wp-json\/wp\/v2\/pages\/2634\/revisions\/2805"}],"wp:attachment":[{"href":"https:\/\/vins-bohn.alsace\/de\/wp-json\/wp\/v2\/media?parent=2634"}],"curies":[{"name":"wp","href":"https:\/\/api.w.org\/{rel}","templated":true}]}}