{"id":2637,"date":"2016-02-15T13:29:45","date_gmt":"2016-02-15T12:29:45","guid":{"rendered":"http:\/\/vins-bohn.alsace\/de\/?page_id=2637"},"modified":"2016-03-01T10:07:58","modified_gmt":"2016-03-01T09:07:58","slug":"umwelt","status":"publish","type":"page","link":"https:\/\/vins-bohn.alsace\/de\/umwelt\/","title":{"rendered":"Umwelt"},"content":{"rendered":"<p><span style=\"font-size: 12pt; font-family: arial, helvetica, sans-serif;\"><img loading=\"lazy\" decoding=\"async\" class=\"alignleft wp-image-2434\" src=\"http:\/\/vins-bohn.alsace\/wp-content\/uploads\/2015\/11\/slide0-1024x293.jpg\" alt=\"slide0\" width=\"1200\" height=\"344\" srcset=\"https:\/\/vins-bohn.alsace\/wp-content\/uploads\/2015\/11\/slide0-1024x293.jpg 1024w, https:\/\/vins-bohn.alsace\/wp-content\/uploads\/2015\/11\/slide0-300x86.jpg 300w, https:\/\/vins-bohn.alsace\/wp-content\/uploads\/2015\/11\/slide0-260x74.jpg 260w, https:\/\/vins-bohn.alsace\/wp-content\/uploads\/2015\/11\/slide0-50x14.jpg 50w, https:\/\/vins-bohn.alsace\/wp-content\/uploads\/2015\/11\/slide0-150x43.jpg 150w, https:\/\/vins-bohn.alsace\/wp-content\/uploads\/2015\/11\/slide0.jpg 1920w\" sizes=\"(max-width: 1200px) 100vw, 1200px\" \/><\/span><\/p>\n<p>Der Anbau von Weinbergen ist mit Liebe gef\u00fchrt Tierwelt und die umliegenden Flora zu bewahren. Rene Bohn war damals ein Pionier der gr\u00fcnen Abdeckung viel von der Franz\u00f6sisch Weinberge waren chemisch gej\u00e4tet.<\/p>\n<p>Die Ernte erfolgt von Hand, keine Maschinen, die die Trauben mahlen. F\u00fcr die Weinbereitung ist R\u00e9my zugunsten der Natur zu lassen, ohne viel Arbeit sprechen auf den Mosten und Weinen. Diese sind trocken und zum Ausdruck bringen, das Gebiet.<\/p>\n<p>Im Laufe des Jahres erfordert der Weinberg fast st\u00e4ndige Pflege, die wenig Erholung vom Winzer verlassen. Auch im Winter gibt es wenig Ruhe, es ist Zeit zu gro\u00df. Ende Juni bl\u00fchen, pr\u00e4figuriert bereits die Cluster-Blume.<\/p>\n<p>In 100 Tagen der Ernte. Wenn die bl\u00fchenden Reben, Winzer zittert: es kalt ist oder regnet (das Absacken: die Blumen ohne Fr\u00fcchte fallen) wird Ernte reduziert werden.<\/p>\n<p>Nach Monaten harter Arbeit, auch durch Bedenken aufgrund der klimatischen Ereignisse oder Ausbr\u00fcche von Krankheiten der Reben unterbrochen. Hier ist die lang erwartete Moment oder Betrachtung der Trauben erreichte optimale Reife Freude der Winzer gef\u00fcllt.<\/p>\n<p>Es ist f\u00fcr ihn die h\u00f6chste Auszeichnung. Nach geschnitten wird, werden die Trauben schrittweise auf die Landzunge warten Tanks geleitet.<br \/>\nDiese harte Arbeit, vor allem in den Bergen, liegt noch an der Kapuze Tr\u00e4ger.<\/p>\n<p>Unmittelbar die Hauben erf\u00fcllt, wird die kostbare Fracht an die Presse gehen. Nach der Ernte wird das Werk von R\u00e9my Bohn nicht fertig. Die Traube einmal gedr\u00fcckt wird durchlaufen eine ganze Transformation. Innerhalb weniger Stunden wird werden es der Most daf\u00fcr gesorgt, dass ein solches Kind, als Teenager Kenner begeistern wird.<\/p>\n<p>Moste und Weine werden t\u00e4glich \u00fcberwacht. Die Dunkelheit und Stille der H\u00f6hle sind f\u00f6rderlich t\u00e4glich cecontr\u00f4le. Remy Bohn sui und sein Produkt mit Liebe und Strenge<\/p>\n<p><span style=\"font-size: 12pt; font-family: arial, helvetica, sans-serif;\">\u00a0<\/span><\/p>\n","protected":false},"excerpt":{"rendered":"<p>Der Anbau von Weinbergen ist mit Liebe gef\u00fchrt Tierwelt und die umliegenden Flora zu bewahren. Rene Bohn war damals ein Pionier der gr\u00fcnen Abdeckung viel von [&hellip;]<\/p>\n","protected":false},"author":1,"featured_media":0,"parent":0,"menu_order":0,"comment_status":"closed","ping_status":"closed","template":"","meta":{"footnotes":""},"yoast_head":"<!-- This site is optimized with the Yoast SEO plugin v21.6 - https:\/\/yoast.com\/wordpress\/plugins\/seo\/ -->\n<title>Umwelt - Vins d&#039;Alsace BOHN RENE<\/title>\n<meta name=\"robots\" content=\"index, follow, max-snippet:-1, max-image-preview:large, max-video-preview:-1\" \/>\n<link rel=\"canonical\" href=\"https:\/\/vins-bohn.alsace\/de\/umwelt\/\" \/>\n<meta property=\"og:locale\" content=\"de_DE\" \/>\n<meta property=\"og:type\" content=\"article\" \/>\n<meta property=\"og:title\" content=\"Umwelt - Vins d&#039;Alsace BOHN RENE\" \/>\n<meta property=\"og:description\" content=\"Der Anbau von Weinbergen ist mit Liebe gef\u00fchrt Tierwelt und die umliegenden Flora zu bewahren. Rene Bohn war damals ein Pionier der gr\u00fcnen Abdeckung viel von [&hellip;]\" \/>\n<meta property=\"og:url\" content=\"https:\/\/vins-bohn.alsace\/de\/umwelt\/\" \/>\n<meta property=\"og:site_name\" content=\"Vins d&#039;Alsace BOHN RENE\" \/>\n<meta property=\"article:modified_time\" content=\"2016-03-01T09:07:58+00:00\" \/>\n<meta property=\"og:image\" content=\"http:\/\/vins-bohn.alsace\/wp-content\/uploads\/2015\/11\/slide0-1024x293.jpg\" \/>\n<meta name=\"twitter:card\" content=\"summary_large_image\" \/>\n<meta name=\"twitter:label1\" content=\"Gesch\u00e4tzte Lesezeit\" \/>\n\t<meta name=\"twitter:data1\" content=\"2\u00a0Minuten\" \/>\n<script type=\"application\/ld+json\" class=\"yoast-schema-graph\">{\"@context\":\"https:\/\/schema.org\",\"@graph\":[{\"@type\":\"WebPage\",\"@id\":\"https:\/\/vins-bohn.alsace\/de\/umwelt\/\",\"url\":\"https:\/\/vins-bohn.alsace\/de\/umwelt\/\",\"name\":\"Umwelt - Vins d&#039;Alsace BOHN RENE\",\"isPartOf\":{\"@id\":\"http:\/\/vins-bohn.alsace\/#website\"},\"datePublished\":\"2016-02-15T12:29:45+00:00\",\"dateModified\":\"2016-03-01T09:07:58+00:00\",\"breadcrumb\":{\"@id\":\"https:\/\/vins-bohn.alsace\/de\/umwelt\/#breadcrumb\"},\"inLanguage\":\"de\",\"potentialAction\":[{\"@type\":\"ReadAction\",\"target\":[\"https:\/\/vins-bohn.alsace\/de\/umwelt\/\"]}]},{\"@type\":\"BreadcrumbList\",\"@id\":\"https:\/\/vins-bohn.alsace\/de\/umwelt\/#breadcrumb\",\"itemListElement\":[{\"@type\":\"ListItem\",\"position\":1,\"name\":\"Accueil\",\"item\":\"http:\/\/vins-bohn.alsace\/de\/\"},{\"@type\":\"ListItem\",\"position\":2,\"name\":\"Umwelt\"}]},{\"@type\":\"WebSite\",\"@id\":\"http:\/\/vins-bohn.alsace\/#website\",\"url\":\"http:\/\/vins-bohn.alsace\/\",\"name\":\"Vins d&#039;Alsace BOHN RENE\",\"description\":\"Vin de Blienschwiller - Route des Vins Alsace\",\"potentialAction\":[{\"@type\":\"SearchAction\",\"target\":{\"@type\":\"EntryPoint\",\"urlTemplate\":\"http:\/\/vins-bohn.alsace\/?s={search_term_string}\"},\"query-input\":\"required name=search_term_string\"}],\"inLanguage\":\"de\"}]}<\/script>\n<!-- \/ Yoast SEO plugin. -->","yoast_head_json":{"title":"Umwelt - Vins d&#039;Alsace BOHN RENE","robots":{"index":"index","follow":"follow","max-snippet":"max-snippet:-1","max-image-preview":"max-image-preview:large","max-video-preview":"max-video-preview:-1"},"canonical":"https:\/\/vins-bohn.alsace\/de\/umwelt\/","og_locale":"de_DE","og_type":"article","og_title":"Umwelt - Vins d&#039;Alsace BOHN RENE","og_description":"Der Anbau von Weinbergen ist mit Liebe gef\u00fchrt Tierwelt und die umliegenden Flora zu bewahren. Rene Bohn war damals ein Pionier der gr\u00fcnen Abdeckung viel von [&hellip;]","og_url":"https:\/\/vins-bohn.alsace\/de\/umwelt\/","og_site_name":"Vins d&#039;Alsace BOHN RENE","article_modified_time":"2016-03-01T09:07:58+00:00","og_image":[{"url":"http:\/\/vins-bohn.alsace\/wp-content\/uploads\/2015\/11\/slide0-1024x293.jpg"}],"twitter_card":"summary_large_image","twitter_misc":{"Gesch\u00e4tzte Lesezeit":"2\u00a0Minuten"},"schema":{"@context":"https:\/\/schema.org","@graph":[{"@type":"WebPage","@id":"https:\/\/vins-bohn.alsace\/de\/umwelt\/","url":"https:\/\/vins-bohn.alsace\/de\/umwelt\/","name":"Umwelt - Vins d&#039;Alsace BOHN RENE","isPartOf":{"@id":"http:\/\/vins-bohn.alsace\/#website"},"datePublished":"2016-02-15T12:29:45+00:00","dateModified":"2016-03-01T09:07:58+00:00","breadcrumb":{"@id":"https:\/\/vins-bohn.alsace\/de\/umwelt\/#breadcrumb"},"inLanguage":"de","potentialAction":[{"@type":"ReadAction","target":["https:\/\/vins-bohn.alsace\/de\/umwelt\/"]}]},{"@type":"BreadcrumbList","@id":"https:\/\/vins-bohn.alsace\/de\/umwelt\/#breadcrumb","itemListElement":[{"@type":"ListItem","position":1,"name":"Accueil","item":"http:\/\/vins-bohn.alsace\/de\/"},{"@type":"ListItem","position":2,"name":"Umwelt"}]},{"@type":"WebSite","@id":"http:\/\/vins-bohn.alsace\/#website","url":"http:\/\/vins-bohn.alsace\/","name":"Vins d&#039;Alsace BOHN RENE","description":"Vin de Blienschwiller - Route des Vins Alsace","potentialAction":[{"@type":"SearchAction","target":{"@type":"EntryPoint","urlTemplate":"http:\/\/vins-bohn.alsace\/?s={search_term_string}"},"query-input":"required name=search_term_string"}],"inLanguage":"de"}]}},"_links":{"self":[{"href":"https:\/\/vins-bohn.alsace\/de\/wp-json\/wp\/v2\/pages\/2637"}],"collection":[{"href":"https:\/\/vins-bohn.alsace\/de\/wp-json\/wp\/v2\/pages"}],"about":[{"href":"https:\/\/vins-bohn.alsace\/de\/wp-json\/wp\/v2\/types\/page"}],"author":[{"embeddable":true,"href":"https:\/\/vins-bohn.alsace\/de\/wp-json\/wp\/v2\/users\/1"}],"replies":[{"embeddable":true,"href":"https:\/\/vins-bohn.alsace\/de\/wp-json\/wp\/v2\/comments?post=2637"}],"version-history":[{"count":2,"href":"https:\/\/vins-bohn.alsace\/de\/wp-json\/wp\/v2\/pages\/2637\/revisions"}],"predecessor-version":[{"id":2828,"href":"https:\/\/vins-bohn.alsace\/de\/wp-json\/wp\/v2\/pages\/2637\/revisions\/2828"}],"wp:attachment":[{"href":"https:\/\/vins-bohn.alsace\/de\/wp-json\/wp\/v2\/media?parent=2637"}],"curies":[{"name":"wp","href":"https:\/\/api.w.org\/{rel}","templated":true}]}}