{"id":2639,"date":"2016-02-15T13:30:22","date_gmt":"2016-02-15T12:30:22","guid":{"rendered":"http:\/\/vins-bohn.alsace\/de\/?page_id=2639"},"modified":"2016-03-11T18:27:35","modified_gmt":"2016-03-11T17:27:35","slug":"terra-vitis","status":"publish","type":"page","link":"https:\/\/vins-bohn.alsace\/de\/terra-vitis\/","title":{"rendered":"Terra Vitis"},"content":{"rendered":"<p style=\"text-align: left;\"><span style=\"font-size: 14pt;\"><strong><span style=\"font-family: arial,helvetica,sans-serif;\"><img loading=\"lazy\" decoding=\"async\" class=\"alignleft size-medium wp-image-2623\" src=\"http:\/\/vins-bohn.alsace\/wp-content\/uploads\/2015\/12\/logo2013couleurformatinternet__075249600_1538_17052013-300x129.jpg\" alt=\"logo2013couleurformatinternet__075249600_1538_17052013\" width=\"300\" height=\"129\" srcset=\"https:\/\/vins-bohn.alsace\/wp-content\/uploads\/2015\/12\/logo2013couleurformatinternet__075249600_1538_17052013-300x129.jpg 300w, https:\/\/vins-bohn.alsace\/wp-content\/uploads\/2015\/12\/logo2013couleurformatinternet__075249600_1538_17052013-260x112.jpg 260w, https:\/\/vins-bohn.alsace\/wp-content\/uploads\/2015\/12\/logo2013couleurformatinternet__075249600_1538_17052013-50x22.jpg 50w, https:\/\/vins-bohn.alsace\/wp-content\/uploads\/2015\/12\/logo2013couleurformatinternet__075249600_1538_17052013-150x65.jpg 150w, https:\/\/vins-bohn.alsace\/wp-content\/uploads\/2015\/12\/logo2013couleurformatinternet__075249600_1538_17052013.jpg 500w\" sizes=\"(max-width: 300px) 100vw, 300px\" \/><\/span><\/strong><\/span><\/p>\n<div class=\"tw-swapa\"><strong><span style=\"font-family: arial,helvetica,sans-serif; font-size: 12pt;\">\u00a0<\/span><\/strong><\/div>\n<div class=\"_Ejb\">\n<div id=\"tw-target\">\n<div id=\"tw-target-text-container\" class=\"tw-ta-container tw-nfl\">\n<pre id=\"tw-target-text\" class=\"tw-data-text vk_txt tw-ta tw-text-small\" dir=\"ltr\" data-fulltext=\"\" data-placeholder=\"Traduction\"><span style=\"font-family: arial, helvetica, sans-serif; font-size: 12pt; line-height: 1.5;\"><strong>Terra Vitis Zertifizierung Linie Philosophie<\/strong>\r\nTerra Vitis\u00ae Ansatz ist einzigartig in Frankreich: Der gesamte Prozess, von der Rebe bis zur Flasche, wird jedes Jahr best\u00e4tigt, dass der Winzer die Terra Vitis\u00ae auf der Flasche anbringen k\u00f6nnen. Jede Stufe des Produktionszyklus wird gepr\u00fcft optimale Produktqualit\u00e4t zu gew\u00e4hrleisten. Jedes Jahr werden alle Mitglieder Vitis\u00ae Terra gesteuert und erh\u00e4lt eine individuelle Erlaubnis, die Marke zu verwenden.\r\n\r\n<strong>Die Qualit\u00e4t der Weine:<\/strong>\r\nDiese Strenge ist in den Weinen Terra Vitis\u00ae wider. Alle Details in der integrierten Terra Vitis\u00ae Ansatz erm\u00f6glicht es den Verbrauchern gesunde und authentische Weine zu bieten, voll das Terroir sprechen zu lassen.\r\nStellvertretend f\u00fcr alle Weinberge in Frankreich, Terra Vitis\u00ae ergibt sich als Botschafter der Expertise Franz\u00f6sisch Winzer.\r\n\r\nDurch die Unterzeichnung ist Terra Vitis\u00ae die Vielfalt und die Qualit\u00e4t der Weine aus unserer Region, die f\u00fcr die Kundenzufriedenheit sprechen.\r\n\r\n<a href=\"http:\/\/vins-bohn.alsace\/wp-content\/uploads\/2015\/11\/slide0.jpg\"><img loading=\"lazy\" decoding=\"async\" class=\"size-large wp-image-2434 alignleft\" src=\"http:\/\/vins-bohn.alsace\/wp-content\/uploads\/2015\/11\/slide0-1024x293.jpg\" alt=\"slide0\" width=\"1024\" height=\"293\" srcset=\"https:\/\/vins-bohn.alsace\/wp-content\/uploads\/2015\/11\/slide0-1024x293.jpg 1024w, https:\/\/vins-bohn.alsace\/wp-content\/uploads\/2015\/11\/slide0-300x86.jpg 300w, https:\/\/vins-bohn.alsace\/wp-content\/uploads\/2015\/11\/slide0-260x74.jpg 260w, https:\/\/vins-bohn.alsace\/wp-content\/uploads\/2015\/11\/slide0-50x14.jpg 50w, https:\/\/vins-bohn.alsace\/wp-content\/uploads\/2015\/11\/slide0-150x43.jpg 150w, https:\/\/vins-bohn.alsace\/wp-content\/uploads\/2015\/11\/slide0.jpg 1920w\" sizes=\"(max-width: 1024px) 100vw, 1024px\" \/><\/a>\r\n<\/span><\/pre>\n<\/div>\n<\/div>\n<\/div>\n","protected":false},"excerpt":{"rendered":"<p>\u00a0 Terra Vitis Zertifizierung Linie Philosophie Terra Vitis\u00ae Ansatz ist einzigartig in Frankreich: Der gesamte Prozess, von der Rebe bis zur Flasche, wird jedes Jahr best\u00e4tigt, [&hellip;]<\/p>\n","protected":false},"author":1,"featured_media":0,"parent":0,"menu_order":0,"comment_status":"closed","ping_status":"closed","template":"","meta":{"footnotes":""},"yoast_head":"<!-- This site is optimized with the Yoast SEO plugin v21.6 - https:\/\/yoast.com\/wordpress\/plugins\/seo\/ -->\n<title>Terra Vitis - Vins d&#039;Alsace BOHN RENE<\/title>\n<meta name=\"robots\" content=\"index, follow, max-snippet:-1, max-image-preview:large, max-video-preview:-1\" \/>\n<link rel=\"canonical\" href=\"http:\/\/vins-bohn.alsace\/de\/terra-vitis\/\" \/>\n<meta property=\"og:locale\" content=\"de_DE\" \/>\n<meta property=\"og:type\" content=\"article\" \/>\n<meta property=\"og:title\" content=\"Terra Vitis - Vins d&#039;Alsace BOHN RENE\" \/>\n<meta property=\"og:description\" content=\"\u00a0 Terra Vitis Zertifizierung Linie Philosophie Terra Vitis\u00ae Ansatz ist einzigartig in Frankreich: Der gesamte Prozess, von der Rebe bis zur Flasche, wird jedes Jahr best\u00e4tigt, [&hellip;]\" \/>\n<meta property=\"og:url\" content=\"http:\/\/vins-bohn.alsace\/de\/terra-vitis\/\" \/>\n<meta property=\"og:site_name\" content=\"Vins d&#039;Alsace BOHN RENE\" \/>\n<meta property=\"article:modified_time\" content=\"2016-03-11T17:27:35+00:00\" \/>\n<meta property=\"og:image\" content=\"http:\/\/vins-bohn.alsace\/wp-content\/uploads\/2015\/12\/logo2013couleurformatinternet__075249600_1538_17052013-300x129.jpg\" \/>\n<meta name=\"twitter:card\" content=\"summary_large_image\" \/>\n<meta name=\"twitter:label1\" content=\"Gesch\u00e4tzte Lesezeit\" \/>\n\t<meta name=\"twitter:data1\" content=\"1\u00a0Minute\" \/>\n<script type=\"application\/ld+json\" class=\"yoast-schema-graph\">{\"@context\":\"https:\/\/schema.org\",\"@graph\":[{\"@type\":\"WebPage\",\"@id\":\"http:\/\/vins-bohn.alsace\/de\/terra-vitis\/\",\"url\":\"http:\/\/vins-bohn.alsace\/de\/terra-vitis\/\",\"name\":\"Terra Vitis - Vins d&#039;Alsace BOHN RENE\",\"isPartOf\":{\"@id\":\"http:\/\/vins-bohn.alsace\/#website\"},\"datePublished\":\"2016-02-15T12:30:22+00:00\",\"dateModified\":\"2016-03-11T17:27:35+00:00\",\"breadcrumb\":{\"@id\":\"http:\/\/vins-bohn.alsace\/de\/terra-vitis\/#breadcrumb\"},\"inLanguage\":\"de\",\"potentialAction\":[{\"@type\":\"ReadAction\",\"target\":[\"http:\/\/vins-bohn.alsace\/de\/terra-vitis\/\"]}]},{\"@type\":\"BreadcrumbList\",\"@id\":\"http:\/\/vins-bohn.alsace\/de\/terra-vitis\/#breadcrumb\",\"itemListElement\":[{\"@type\":\"ListItem\",\"position\":1,\"name\":\"Accueil\",\"item\":\"http:\/\/vins-bohn.alsace\/de\/\"},{\"@type\":\"ListItem\",\"position\":2,\"name\":\"Terra Vitis\"}]},{\"@type\":\"WebSite\",\"@id\":\"http:\/\/vins-bohn.alsace\/#website\",\"url\":\"http:\/\/vins-bohn.alsace\/\",\"name\":\"Vins d&#039;Alsace BOHN RENE\",\"description\":\"Vin de Blienschwiller - Route des Vins Alsace\",\"potentialAction\":[{\"@type\":\"SearchAction\",\"target\":{\"@type\":\"EntryPoint\",\"urlTemplate\":\"http:\/\/vins-bohn.alsace\/?s={search_term_string}\"},\"query-input\":\"required name=search_term_string\"}],\"inLanguage\":\"de\"}]}<\/script>\n<!-- \/ Yoast SEO plugin. -->","yoast_head_json":{"title":"Terra Vitis - Vins d&#039;Alsace BOHN RENE","robots":{"index":"index","follow":"follow","max-snippet":"max-snippet:-1","max-image-preview":"max-image-preview:large","max-video-preview":"max-video-preview:-1"},"canonical":"http:\/\/vins-bohn.alsace\/de\/terra-vitis\/","og_locale":"de_DE","og_type":"article","og_title":"Terra Vitis - Vins d&#039;Alsace BOHN RENE","og_description":"\u00a0 Terra Vitis Zertifizierung Linie Philosophie Terra Vitis\u00ae Ansatz ist einzigartig in Frankreich: Der gesamte Prozess, von der Rebe bis zur Flasche, wird jedes Jahr best\u00e4tigt, [&hellip;]","og_url":"http:\/\/vins-bohn.alsace\/de\/terra-vitis\/","og_site_name":"Vins d&#039;Alsace BOHN RENE","article_modified_time":"2016-03-11T17:27:35+00:00","og_image":[{"url":"http:\/\/vins-bohn.alsace\/wp-content\/uploads\/2015\/12\/logo2013couleurformatinternet__075249600_1538_17052013-300x129.jpg"}],"twitter_card":"summary_large_image","twitter_misc":{"Gesch\u00e4tzte Lesezeit":"1\u00a0Minute"},"schema":{"@context":"https:\/\/schema.org","@graph":[{"@type":"WebPage","@id":"http:\/\/vins-bohn.alsace\/de\/terra-vitis\/","url":"http:\/\/vins-bohn.alsace\/de\/terra-vitis\/","name":"Terra Vitis - Vins d&#039;Alsace BOHN RENE","isPartOf":{"@id":"http:\/\/vins-bohn.alsace\/#website"},"datePublished":"2016-02-15T12:30:22+00:00","dateModified":"2016-03-11T17:27:35+00:00","breadcrumb":{"@id":"http:\/\/vins-bohn.alsace\/de\/terra-vitis\/#breadcrumb"},"inLanguage":"de","potentialAction":[{"@type":"ReadAction","target":["http:\/\/vins-bohn.alsace\/de\/terra-vitis\/"]}]},{"@type":"BreadcrumbList","@id":"http:\/\/vins-bohn.alsace\/de\/terra-vitis\/#breadcrumb","itemListElement":[{"@type":"ListItem","position":1,"name":"Accueil","item":"http:\/\/vins-bohn.alsace\/de\/"},{"@type":"ListItem","position":2,"name":"Terra Vitis"}]},{"@type":"WebSite","@id":"http:\/\/vins-bohn.alsace\/#website","url":"http:\/\/vins-bohn.alsace\/","name":"Vins d&#039;Alsace BOHN RENE","description":"Vin de Blienschwiller - Route des Vins Alsace","potentialAction":[{"@type":"SearchAction","target":{"@type":"EntryPoint","urlTemplate":"http:\/\/vins-bohn.alsace\/?s={search_term_string}"},"query-input":"required name=search_term_string"}],"inLanguage":"de"}]}},"_links":{"self":[{"href":"https:\/\/vins-bohn.alsace\/de\/wp-json\/wp\/v2\/pages\/2639"}],"collection":[{"href":"https:\/\/vins-bohn.alsace\/de\/wp-json\/wp\/v2\/pages"}],"about":[{"href":"https:\/\/vins-bohn.alsace\/de\/wp-json\/wp\/v2\/types\/page"}],"author":[{"embeddable":true,"href":"https:\/\/vins-bohn.alsace\/de\/wp-json\/wp\/v2\/users\/1"}],"replies":[{"embeddable":true,"href":"https:\/\/vins-bohn.alsace\/de\/wp-json\/wp\/v2\/comments?post=2639"}],"version-history":[{"count":5,"href":"https:\/\/vins-bohn.alsace\/de\/wp-json\/wp\/v2\/pages\/2639\/revisions"}],"predecessor-version":[{"id":2852,"href":"https:\/\/vins-bohn.alsace\/de\/wp-json\/wp\/v2\/pages\/2639\/revisions\/2852"}],"wp:attachment":[{"href":"https:\/\/vins-bohn.alsace\/de\/wp-json\/wp\/v2\/media?parent=2639"}],"curies":[{"name":"wp","href":"https:\/\/api.w.org\/{rel}","templated":true}]}}