{"id":2644,"date":"2016-02-15T13:47:28","date_gmt":"2016-02-15T12:47:28","guid":{"rendered":"http:\/\/vins-bohn.alsace\/de\/?page_id=2644"},"modified":"2016-03-01T10:03:06","modified_gmt":"2016-03-01T09:03:06","slug":"die-weine-2","status":"publish","type":"page","link":"https:\/\/vins-bohn.alsace\/de\/die-weine-2\/","title":{"rendered":"Die Weine"},"content":{"rendered":"<p>Moste und Weine werden t\u00e4glich \u00fcberwacht. Die Ruhe und die Dunkelheit des Kellers sind f\u00f6rderlich f\u00fcr die t\u00e4gliche \u00dcberwachung .<\/p>\n<p>Die beiden Flaggschiff- Weine der Gebiete sind Pinot Schwarz hoch in Eichenf\u00e4ssern und nat\u00fcrlich Riesling .<\/p>\n<p>Lassen Sie uns nicht vergessen, entweder die Grand Cru Winzen , drei Werte, die das Haus in goldenen Buchstaben angezeigt werden kann . Zahlreiche Auszeichnungen bei verschiedenen nationalen Wettbewerben , Concours G\u00e9n\u00e9ral de Paris, Concours des Grands Vins de France in Macon, Wettbewerb der Els\u00e4sser Weine Colmar, wurden die Weine der Bohn Familie ausgezeichnet.<\/p>\n<p>K\u00fcrzlich an der renommierten Concours Riesling du Monde 2002 Riesling Grand Cru Winzen 2000 Rene Bohn , um eine Silbermedaille gewonnen .<\/p>\n<p>F\u00fcr diesen Wettbewerb , 318 Proben Rielsing wurden vorgestellt , die aus 12 produzierenden L\u00e4ndern (Elsass, \u00d6sterreich, Luxemburg, Kanada, Neuseeland , Australien &#8230; )<\/p>\n","protected":false},"excerpt":{"rendered":"<p>Moste und Weine werden t\u00e4glich \u00fcberwacht. Die Ruhe und die Dunkelheit des Kellers sind f\u00f6rderlich f\u00fcr die t\u00e4gliche \u00dcberwachung . Die beiden Flaggschiff- Weine der Gebiete [&hellip;]<\/p>\n","protected":false},"author":1,"featured_media":0,"parent":0,"menu_order":0,"comment_status":"closed","ping_status":"closed","template":"","meta":{"footnotes":""},"yoast_head":"<!-- This site is optimized with the Yoast SEO plugin v21.6 - https:\/\/yoast.com\/wordpress\/plugins\/seo\/ -->\n<title>Die Weine - Vins d&#039;Alsace BOHN RENE<\/title>\n<meta name=\"robots\" content=\"index, follow, max-snippet:-1, max-image-preview:large, max-video-preview:-1\" \/>\n<link rel=\"canonical\" href=\"http:\/\/vins-bohn.alsace\/de\/die-weine-2\/\" \/>\n<meta property=\"og:locale\" content=\"de_DE\" \/>\n<meta property=\"og:type\" content=\"article\" \/>\n<meta property=\"og:title\" content=\"Die Weine - Vins d&#039;Alsace BOHN RENE\" \/>\n<meta property=\"og:description\" content=\"Moste und Weine werden t\u00e4glich \u00fcberwacht. Die Ruhe und die Dunkelheit des Kellers sind f\u00f6rderlich f\u00fcr die t\u00e4gliche \u00dcberwachung . Die beiden Flaggschiff- Weine der Gebiete [&hellip;]\" \/>\n<meta property=\"og:url\" content=\"http:\/\/vins-bohn.alsace\/de\/die-weine-2\/\" \/>\n<meta property=\"og:site_name\" content=\"Vins d&#039;Alsace BOHN RENE\" \/>\n<meta property=\"article:modified_time\" content=\"2016-03-01T09:03:06+00:00\" \/>\n<meta name=\"twitter:card\" content=\"summary_large_image\" \/>\n<meta name=\"twitter:label1\" content=\"Gesch\u00e4tzte Lesezeit\" \/>\n\t<meta name=\"twitter:data1\" content=\"1\u00a0Minute\" \/>\n<script type=\"application\/ld+json\" class=\"yoast-schema-graph\">{\"@context\":\"https:\/\/schema.org\",\"@graph\":[{\"@type\":\"WebPage\",\"@id\":\"http:\/\/vins-bohn.alsace\/de\/die-weine-2\/\",\"url\":\"http:\/\/vins-bohn.alsace\/de\/die-weine-2\/\",\"name\":\"Die Weine - Vins d&#039;Alsace BOHN RENE\",\"isPartOf\":{\"@id\":\"http:\/\/vins-bohn.alsace\/#website\"},\"datePublished\":\"2016-02-15T12:47:28+00:00\",\"dateModified\":\"2016-03-01T09:03:06+00:00\",\"breadcrumb\":{\"@id\":\"http:\/\/vins-bohn.alsace\/de\/die-weine-2\/#breadcrumb\"},\"inLanguage\":\"de\",\"potentialAction\":[{\"@type\":\"ReadAction\",\"target\":[\"http:\/\/vins-bohn.alsace\/de\/die-weine-2\/\"]}]},{\"@type\":\"BreadcrumbList\",\"@id\":\"http:\/\/vins-bohn.alsace\/de\/die-weine-2\/#breadcrumb\",\"itemListElement\":[{\"@type\":\"ListItem\",\"position\":1,\"name\":\"Accueil\",\"item\":\"http:\/\/vins-bohn.alsace\/de\/\"},{\"@type\":\"ListItem\",\"position\":2,\"name\":\"Die Weine\"}]},{\"@type\":\"WebSite\",\"@id\":\"http:\/\/vins-bohn.alsace\/#website\",\"url\":\"http:\/\/vins-bohn.alsace\/\",\"name\":\"Vins d&#039;Alsace BOHN RENE\",\"description\":\"Vin de Blienschwiller - Route des Vins Alsace\",\"potentialAction\":[{\"@type\":\"SearchAction\",\"target\":{\"@type\":\"EntryPoint\",\"urlTemplate\":\"http:\/\/vins-bohn.alsace\/?s={search_term_string}\"},\"query-input\":\"required name=search_term_string\"}],\"inLanguage\":\"de\"}]}<\/script>\n<!-- \/ Yoast SEO plugin. -->","yoast_head_json":{"title":"Die Weine - Vins d&#039;Alsace BOHN RENE","robots":{"index":"index","follow":"follow","max-snippet":"max-snippet:-1","max-image-preview":"max-image-preview:large","max-video-preview":"max-video-preview:-1"},"canonical":"http:\/\/vins-bohn.alsace\/de\/die-weine-2\/","og_locale":"de_DE","og_type":"article","og_title":"Die Weine - Vins d&#039;Alsace BOHN RENE","og_description":"Moste und Weine werden t\u00e4glich \u00fcberwacht. Die Ruhe und die Dunkelheit des Kellers sind f\u00f6rderlich f\u00fcr die t\u00e4gliche \u00dcberwachung . Die beiden Flaggschiff- Weine der Gebiete [&hellip;]","og_url":"http:\/\/vins-bohn.alsace\/de\/die-weine-2\/","og_site_name":"Vins d&#039;Alsace BOHN RENE","article_modified_time":"2016-03-01T09:03:06+00:00","twitter_card":"summary_large_image","twitter_misc":{"Gesch\u00e4tzte Lesezeit":"1\u00a0Minute"},"schema":{"@context":"https:\/\/schema.org","@graph":[{"@type":"WebPage","@id":"http:\/\/vins-bohn.alsace\/de\/die-weine-2\/","url":"http:\/\/vins-bohn.alsace\/de\/die-weine-2\/","name":"Die Weine - Vins d&#039;Alsace BOHN RENE","isPartOf":{"@id":"http:\/\/vins-bohn.alsace\/#website"},"datePublished":"2016-02-15T12:47:28+00:00","dateModified":"2016-03-01T09:03:06+00:00","breadcrumb":{"@id":"http:\/\/vins-bohn.alsace\/de\/die-weine-2\/#breadcrumb"},"inLanguage":"de","potentialAction":[{"@type":"ReadAction","target":["http:\/\/vins-bohn.alsace\/de\/die-weine-2\/"]}]},{"@type":"BreadcrumbList","@id":"http:\/\/vins-bohn.alsace\/de\/die-weine-2\/#breadcrumb","itemListElement":[{"@type":"ListItem","position":1,"name":"Accueil","item":"http:\/\/vins-bohn.alsace\/de\/"},{"@type":"ListItem","position":2,"name":"Die Weine"}]},{"@type":"WebSite","@id":"http:\/\/vins-bohn.alsace\/#website","url":"http:\/\/vins-bohn.alsace\/","name":"Vins d&#039;Alsace BOHN RENE","description":"Vin de Blienschwiller - Route des Vins Alsace","potentialAction":[{"@type":"SearchAction","target":{"@type":"EntryPoint","urlTemplate":"http:\/\/vins-bohn.alsace\/?s={search_term_string}"},"query-input":"required name=search_term_string"}],"inLanguage":"de"}]}},"_links":{"self":[{"href":"https:\/\/vins-bohn.alsace\/de\/wp-json\/wp\/v2\/pages\/2644"}],"collection":[{"href":"https:\/\/vins-bohn.alsace\/de\/wp-json\/wp\/v2\/pages"}],"about":[{"href":"https:\/\/vins-bohn.alsace\/de\/wp-json\/wp\/v2\/types\/page"}],"author":[{"embeddable":true,"href":"https:\/\/vins-bohn.alsace\/de\/wp-json\/wp\/v2\/users\/1"}],"replies":[{"embeddable":true,"href":"https:\/\/vins-bohn.alsace\/de\/wp-json\/wp\/v2\/comments?post=2644"}],"version-history":[{"count":2,"href":"https:\/\/vins-bohn.alsace\/de\/wp-json\/wp\/v2\/pages\/2644\/revisions"}],"predecessor-version":[{"id":2816,"href":"https:\/\/vins-bohn.alsace\/de\/wp-json\/wp\/v2\/pages\/2644\/revisions\/2816"}],"wp:attachment":[{"href":"https:\/\/vins-bohn.alsace\/de\/wp-json\/wp\/v2\/media?parent=2644"}],"curies":[{"name":"wp","href":"https:\/\/api.w.org\/{rel}","templated":true}]}}