{"id":2648,"date":"2016-02-15T13:48:50","date_gmt":"2016-02-15T12:48:50","guid":{"rendered":"http:\/\/vins-bohn.alsace\/de\/?page_id=2648"},"modified":"2016-03-01T09:33:36","modified_gmt":"2016-03-01T08:33:36","slug":"der-grand-cru-wnzenberg","status":"publish","type":"page","link":"https:\/\/vins-bohn.alsace\/de\/der-grand-cru-wnzenberg\/","title":{"rendered":"Der Grand Cru Winzenberg"},"content":{"rendered":"<p><strong><span style=\"font-family: arial, helvetica, sans-serif; font-size: 12pt;\"><img loading=\"lazy\" decoding=\"async\" class=\"wp-image-2576 alignleft\" src=\"http:\/\/vins-bohn.alsace\/wp-content\/uploads\/2015\/11\/riesling-winzenberg-bohn1.jpg\" alt=\"riesling winzenberg bohn\" width=\"261\" height=\"365\" srcset=\"https:\/\/vins-bohn.alsace\/wp-content\/uploads\/2015\/11\/riesling-winzenberg-bohn1.jpg 358w, https:\/\/vins-bohn.alsace\/wp-content\/uploads\/2015\/11\/riesling-winzenberg-bohn1-215x300.jpg 215w, https:\/\/vins-bohn.alsace\/wp-content\/uploads\/2015\/11\/riesling-winzenberg-bohn1-105x146.jpg 105w, https:\/\/vins-bohn.alsace\/wp-content\/uploads\/2015\/11\/riesling-winzenberg-bohn1-36x50.jpg 36w, https:\/\/vins-bohn.alsace\/wp-content\/uploads\/2015\/11\/riesling-winzenberg-bohn1-54x75.jpg 54w\" sizes=\"(max-width: 261px) 100vw, 261px\" \/><\/span>Alsace Grand Cru Winzen<\/strong><\/p>\n<p>Auf einer H\u00f6he von 240 bis 300 m, dominiert die Winzen die Stadt Blienschwiller, die Steilheit der Neigung und Exposition S\u00fcd &#8211; S\u00fcdost garantieren ihm eine au\u00dfergew\u00f6hnliche Sonnenscheindauer. Sein Mikroklima und seine Granitboden micats 2, besonders g\u00fcnstig sind Riesling Grand Cru zu lanaissance. Es nimmt 19,2 Hektar.<\/p>\n<p>Experten vom National Institute of Appellations ernannt, der Herkunft der Weine und Eaux-de-vie begrenzen diese Terroirs productionand ihre fabelhafte traurige Ber\u00fchmtheit durch sehr strenge Vorschriften zu sch\u00fctzen.<\/p>\n<p><strong>Late Harvest and Selection de Grains Nobles<\/strong><\/p>\n<p>Diese zwei seltene und renommierte Auszeichnungen sind die Krone auf Herkunftsbezeichnungen und Alsace Grand Cru Alsace.<\/p>\n<p>Ausschlie\u00dflich aus der Gew\u00fcrztraminer, Pinot Gris, Riesling und Muscat, sie sind, wenn \u00fcberreif in Ausnahme Jahren geerntet und Auswahl edler Trauben durch sukzessive Sortierung der Trauben von Edelf\u00e4ule.<\/p>\n<p>Dass Geduld und Strenge zu diesen &#8220;schwarzen Perlen&#8221; streng Els\u00e4sser Wein geregelt und deren au\u00dfergew\u00f6hnlichen nat\u00fcrlichen Reichtum ist einer der h\u00f6chsten in der Franz\u00f6sisch Weinberg.<\/p>\n<p>Die geologische Besonderheit kommuniziert Winzen Weine Lebhaftigkeit und eine kristallklare nachweisbar auf allen Ebenen der Verkostung.<br \/>\nRiesling entwickelt vor allem nach ein paar Jahren alle Mineral Komplexit\u00e4t und kristallinen Granit<\/p>\n","protected":false},"excerpt":{"rendered":"<p>Alsace Grand Cru Winzen Auf einer H\u00f6he von 240 bis 300 m, dominiert die Winzen die Stadt Blienschwiller, die Steilheit der Neigung und Exposition S\u00fcd &#8211; [&hellip;]<\/p>\n","protected":false},"author":1,"featured_media":0,"parent":0,"menu_order":0,"comment_status":"closed","ping_status":"closed","template":"","meta":{"footnotes":""},"yoast_head":"<!-- This site is optimized with the Yoast SEO plugin v21.6 - https:\/\/yoast.com\/wordpress\/plugins\/seo\/ -->\n<title>Der Grand Cru Winzenberg - Vins d&#039;Alsace BOHN RENE<\/title>\n<meta name=\"robots\" content=\"index, follow, max-snippet:-1, max-image-preview:large, max-video-preview:-1\" \/>\n<link rel=\"canonical\" href=\"http:\/\/vins-bohn.alsace\/de\/der-grand-cru-wnzenberg\/\" \/>\n<meta property=\"og:locale\" content=\"de_DE\" \/>\n<meta property=\"og:type\" content=\"article\" \/>\n<meta property=\"og:title\" content=\"Der Grand Cru Winzenberg - Vins d&#039;Alsace BOHN RENE\" \/>\n<meta property=\"og:description\" content=\"Alsace Grand Cru Winzen Auf einer H\u00f6he von 240 bis 300 m, dominiert die Winzen die Stadt Blienschwiller, die Steilheit der Neigung und Exposition S\u00fcd &#8211; [&hellip;]\" \/>\n<meta property=\"og:url\" content=\"http:\/\/vins-bohn.alsace\/de\/der-grand-cru-wnzenberg\/\" \/>\n<meta property=\"og:site_name\" content=\"Vins d&#039;Alsace BOHN RENE\" \/>\n<meta property=\"article:modified_time\" content=\"2016-03-01T08:33:36+00:00\" \/>\n<meta property=\"og:image\" content=\"http:\/\/vins-bohn.alsace\/wp-content\/uploads\/2015\/11\/riesling-winzenberg-bohn1.jpg\" \/>\n<meta name=\"twitter:card\" content=\"summary_large_image\" \/>\n<meta name=\"twitter:label1\" content=\"Gesch\u00e4tzte Lesezeit\" \/>\n\t<meta name=\"twitter:data1\" content=\"1\u00a0Minute\" \/>\n<script type=\"application\/ld+json\" class=\"yoast-schema-graph\">{\"@context\":\"https:\/\/schema.org\",\"@graph\":[{\"@type\":\"WebPage\",\"@id\":\"http:\/\/vins-bohn.alsace\/de\/der-grand-cru-wnzenberg\/\",\"url\":\"http:\/\/vins-bohn.alsace\/de\/der-grand-cru-wnzenberg\/\",\"name\":\"Der Grand Cru Winzenberg - Vins d&#039;Alsace BOHN RENE\",\"isPartOf\":{\"@id\":\"http:\/\/vins-bohn.alsace\/#website\"},\"datePublished\":\"2016-02-15T12:48:50+00:00\",\"dateModified\":\"2016-03-01T08:33:36+00:00\",\"breadcrumb\":{\"@id\":\"http:\/\/vins-bohn.alsace\/de\/der-grand-cru-wnzenberg\/#breadcrumb\"},\"inLanguage\":\"de\",\"potentialAction\":[{\"@type\":\"ReadAction\",\"target\":[\"http:\/\/vins-bohn.alsace\/de\/der-grand-cru-wnzenberg\/\"]}]},{\"@type\":\"BreadcrumbList\",\"@id\":\"http:\/\/vins-bohn.alsace\/de\/der-grand-cru-wnzenberg\/#breadcrumb\",\"itemListElement\":[{\"@type\":\"ListItem\",\"position\":1,\"name\":\"Accueil\",\"item\":\"http:\/\/vins-bohn.alsace\/de\/\"},{\"@type\":\"ListItem\",\"position\":2,\"name\":\"Der Grand Cru Winzenberg\"}]},{\"@type\":\"WebSite\",\"@id\":\"http:\/\/vins-bohn.alsace\/#website\",\"url\":\"http:\/\/vins-bohn.alsace\/\",\"name\":\"Vins d&#039;Alsace BOHN RENE\",\"description\":\"Vin de Blienschwiller - Route des Vins Alsace\",\"potentialAction\":[{\"@type\":\"SearchAction\",\"target\":{\"@type\":\"EntryPoint\",\"urlTemplate\":\"http:\/\/vins-bohn.alsace\/?s={search_term_string}\"},\"query-input\":\"required name=search_term_string\"}],\"inLanguage\":\"de\"}]}<\/script>\n<!-- \/ Yoast SEO plugin. -->","yoast_head_json":{"title":"Der Grand Cru Winzenberg - Vins d&#039;Alsace BOHN RENE","robots":{"index":"index","follow":"follow","max-snippet":"max-snippet:-1","max-image-preview":"max-image-preview:large","max-video-preview":"max-video-preview:-1"},"canonical":"http:\/\/vins-bohn.alsace\/de\/der-grand-cru-wnzenberg\/","og_locale":"de_DE","og_type":"article","og_title":"Der Grand Cru Winzenberg - Vins d&#039;Alsace BOHN RENE","og_description":"Alsace Grand Cru Winzen Auf einer H\u00f6he von 240 bis 300 m, dominiert die Winzen die Stadt Blienschwiller, die Steilheit der Neigung und Exposition S\u00fcd &#8211; [&hellip;]","og_url":"http:\/\/vins-bohn.alsace\/de\/der-grand-cru-wnzenberg\/","og_site_name":"Vins d&#039;Alsace BOHN RENE","article_modified_time":"2016-03-01T08:33:36+00:00","og_image":[{"url":"http:\/\/vins-bohn.alsace\/wp-content\/uploads\/2015\/11\/riesling-winzenberg-bohn1.jpg"}],"twitter_card":"summary_large_image","twitter_misc":{"Gesch\u00e4tzte Lesezeit":"1\u00a0Minute"},"schema":{"@context":"https:\/\/schema.org","@graph":[{"@type":"WebPage","@id":"http:\/\/vins-bohn.alsace\/de\/der-grand-cru-wnzenberg\/","url":"http:\/\/vins-bohn.alsace\/de\/der-grand-cru-wnzenberg\/","name":"Der Grand Cru Winzenberg - Vins d&#039;Alsace BOHN RENE","isPartOf":{"@id":"http:\/\/vins-bohn.alsace\/#website"},"datePublished":"2016-02-15T12:48:50+00:00","dateModified":"2016-03-01T08:33:36+00:00","breadcrumb":{"@id":"http:\/\/vins-bohn.alsace\/de\/der-grand-cru-wnzenberg\/#breadcrumb"},"inLanguage":"de","potentialAction":[{"@type":"ReadAction","target":["http:\/\/vins-bohn.alsace\/de\/der-grand-cru-wnzenberg\/"]}]},{"@type":"BreadcrumbList","@id":"http:\/\/vins-bohn.alsace\/de\/der-grand-cru-wnzenberg\/#breadcrumb","itemListElement":[{"@type":"ListItem","position":1,"name":"Accueil","item":"http:\/\/vins-bohn.alsace\/de\/"},{"@type":"ListItem","position":2,"name":"Der Grand Cru Winzenberg"}]},{"@type":"WebSite","@id":"http:\/\/vins-bohn.alsace\/#website","url":"http:\/\/vins-bohn.alsace\/","name":"Vins d&#039;Alsace BOHN RENE","description":"Vin de Blienschwiller - Route des Vins Alsace","potentialAction":[{"@type":"SearchAction","target":{"@type":"EntryPoint","urlTemplate":"http:\/\/vins-bohn.alsace\/?s={search_term_string}"},"query-input":"required name=search_term_string"}],"inLanguage":"de"}]}},"_links":{"self":[{"href":"https:\/\/vins-bohn.alsace\/de\/wp-json\/wp\/v2\/pages\/2648"}],"collection":[{"href":"https:\/\/vins-bohn.alsace\/de\/wp-json\/wp\/v2\/pages"}],"about":[{"href":"https:\/\/vins-bohn.alsace\/de\/wp-json\/wp\/v2\/types\/page"}],"author":[{"embeddable":true,"href":"https:\/\/vins-bohn.alsace\/de\/wp-json\/wp\/v2\/users\/1"}],"replies":[{"embeddable":true,"href":"https:\/\/vins-bohn.alsace\/de\/wp-json\/wp\/v2\/comments?post=2648"}],"version-history":[{"count":4,"href":"https:\/\/vins-bohn.alsace\/de\/wp-json\/wp\/v2\/pages\/2648\/revisions"}],"predecessor-version":[{"id":2802,"href":"https:\/\/vins-bohn.alsace\/de\/wp-json\/wp\/v2\/pages\/2648\/revisions\/2802"}],"wp:attachment":[{"href":"https:\/\/vins-bohn.alsace\/de\/wp-json\/wp\/v2\/media?parent=2648"}],"curies":[{"name":"wp","href":"https:\/\/api.w.org\/{rel}","templated":true}]}}