{"id":2653,"date":"2016-02-15T13:50:12","date_gmt":"2016-02-15T12:50:12","guid":{"rendered":"http:\/\/vins-bohn.alsace\/de\/?page_id=2653"},"modified":"2016-03-11T19:17:46","modified_gmt":"2016-03-11T18:17:46","slug":"die-weine","status":"publish","type":"page","link":"https:\/\/vins-bohn.alsace\/de\/die-weine\/","title":{"rendered":"Die Rebsorten"},"content":{"rendered":"<p><span style=\"font-family: arial, helvetica, sans-serif;\"><strong><img loading=\"lazy\" decoding=\"async\" class=\"alignleft wp-image-2590\" src=\"http:\/\/vins-bohn.alsace\/wp-content\/uploads\/2015\/12\/bohn-slide-vins-1024x267.jpg\" alt=\"bohn slide vins\" width=\"1128\" height=\"294\" srcset=\"https:\/\/vins-bohn.alsace\/wp-content\/uploads\/2015\/12\/bohn-slide-vins-1024x267.jpg 1024w, https:\/\/vins-bohn.alsace\/wp-content\/uploads\/2015\/12\/bohn-slide-vins-300x78.jpg 300w, https:\/\/vins-bohn.alsace\/wp-content\/uploads\/2015\/12\/bohn-slide-vins-260x68.jpg 260w, https:\/\/vins-bohn.alsace\/wp-content\/uploads\/2015\/12\/bohn-slide-vins-50x13.jpg 50w, https:\/\/vins-bohn.alsace\/wp-content\/uploads\/2015\/12\/bohn-slide-vins-150x39.jpg 150w, https:\/\/vins-bohn.alsace\/wp-content\/uploads\/2015\/12\/bohn-slide-vins.jpg 1920w\" sizes=\"(max-width: 1128px) 100vw, 1128px\" \/><\/strong><\/span><\/p>\n<p><strong>Alsace Weinregion:<\/strong><br \/>\nIm Elsass im Gegensatz zu anderen Nutzungen der Franz\u00f6sisch Weinberge, ist es in der Regel nicht das Terroir, die ihren Namen Rebsorten zu den Weinen des Elsass gibt aber selbst.<\/p>\n<p><strong>Sylvaner:<\/strong><br \/>\nfrisch und leicht mit einem feinen Geschmack. er angenehm und erfrischend Show wei\u00df lebhaft.<\/p>\n<p><strong>Riesling:<\/strong><br \/>\nTrockene, unterschieden und feinfruchtige, bietet eine bouqet einer gro\u00dfen Gl\u00e4tte mit manchmal mineralischen und floralen Nuancen.<br \/>\nAnerkannt als eine der besten wei\u00dfen Rebsorten, ist es ein Wein par excellence Gastronomie.<\/p>\n<p><strong>Pinot Blanc:<\/strong><br \/>\nRunde und zart, vereint Frische und Flexibilit\u00e4t ein gl\u00fcckliches Medium im Bereich der els\u00e4ssischen Weine zu vertreten.<\/p>\n<p><strong>Muscat d&#8217;Alsace:<\/strong><br \/>\nunterscheidet sich von s\u00fc\u00dfen Muskateller des S\u00fcdens durch seine sehr trockenen Charakter. Sehr aromatisch, es dr\u00fcckt perfekt den Geschmack von frischem Obst.<\/p>\n<p><strong>Tokay Pinot Gris:<\/strong><br \/>\nentwickelt eine Opulenz und einen charakteristischen Geschmack.<br \/>\nBauchige und lang am Gaumen hat er komplexe Aromen von Unterholz, manchmal leicht rauchig.<\/p>\n<p><strong>Pinot Black:<\/strong><br \/>\nim Elsass ist die einzige Sorte mit einem roten oder Ros\u00e9wein oder fruchtig und typischen Geschmack erinnert an Kirsche zu erzeugen.<\/p>\n<p>Vinifiziert als Rotwein in Eichenf\u00e4ssern, die eine Rahmenstruktur und komplexer zu sein Aroma hinzuf\u00fcgt.<\/p>\n<p><strong>Gew\u00fcrztraminer<\/strong>, vollmundig und gut strukturiert, ist wahrscheinlich der ber\u00fchmteste Els\u00e4sser Wein.<br \/>\nSein intensives Bouquet entwickelt reiche Aromen von Fr\u00fcchten, Blumen und Gew\u00fcrze (Gewurz = Gew\u00fcrze). Leistungsstarke und verf\u00fchrerisch. Manchmal ein wenig s\u00fc\u00df, ist es oft ein Wein<\/p>\n<p><span style=\"font-family: arial, helvetica, sans-serif;\"><strong>\u00a0<\/strong><\/span><\/p>\n","protected":false},"excerpt":{"rendered":"<p>Alsace Weinregion: Im Elsass im Gegensatz zu anderen Nutzungen der Franz\u00f6sisch Weinberge, ist es in der Regel nicht das Terroir, die ihren Namen Rebsorten zu den [&hellip;]<\/p>\n","protected":false},"author":1,"featured_media":0,"parent":0,"menu_order":0,"comment_status":"closed","ping_status":"closed","template":"","meta":{"footnotes":""},"yoast_head":"<!-- This site is optimized with the Yoast SEO plugin v21.6 - https:\/\/yoast.com\/wordpress\/plugins\/seo\/ -->\n<title>Die Rebsorten - Vins d&#039;Alsace BOHN RENE<\/title>\n<meta name=\"robots\" content=\"index, follow, max-snippet:-1, max-image-preview:large, max-video-preview:-1\" \/>\n<link rel=\"canonical\" href=\"https:\/\/vins-bohn.alsace\/de\/die-weine\/\" \/>\n<meta property=\"og:locale\" content=\"de_DE\" \/>\n<meta property=\"og:type\" content=\"article\" \/>\n<meta property=\"og:title\" content=\"Die Rebsorten - Vins d&#039;Alsace BOHN RENE\" \/>\n<meta property=\"og:description\" content=\"Alsace Weinregion: Im Elsass im Gegensatz zu anderen Nutzungen der Franz\u00f6sisch Weinberge, ist es in der Regel nicht das Terroir, die ihren Namen Rebsorten zu den [&hellip;]\" \/>\n<meta property=\"og:url\" content=\"https:\/\/vins-bohn.alsace\/de\/die-weine\/\" \/>\n<meta property=\"og:site_name\" content=\"Vins d&#039;Alsace BOHN RENE\" \/>\n<meta property=\"article:modified_time\" content=\"2016-03-11T18:17:46+00:00\" \/>\n<meta property=\"og:image\" content=\"http:\/\/vins-bohn.alsace\/wp-content\/uploads\/2015\/12\/bohn-slide-vins-1024x267.jpg\" \/>\n<meta name=\"twitter:card\" content=\"summary_large_image\" \/>\n<meta name=\"twitter:label1\" content=\"Gesch\u00e4tzte Lesezeit\" \/>\n\t<meta name=\"twitter:data1\" content=\"1\u00a0Minute\" \/>\n<script type=\"application\/ld+json\" class=\"yoast-schema-graph\">{\"@context\":\"https:\/\/schema.org\",\"@graph\":[{\"@type\":\"WebPage\",\"@id\":\"https:\/\/vins-bohn.alsace\/de\/die-weine\/\",\"url\":\"https:\/\/vins-bohn.alsace\/de\/die-weine\/\",\"name\":\"Die Rebsorten - Vins d&#039;Alsace BOHN RENE\",\"isPartOf\":{\"@id\":\"http:\/\/vins-bohn.alsace\/#website\"},\"datePublished\":\"2016-02-15T12:50:12+00:00\",\"dateModified\":\"2016-03-11T18:17:46+00:00\",\"breadcrumb\":{\"@id\":\"https:\/\/vins-bohn.alsace\/de\/die-weine\/#breadcrumb\"},\"inLanguage\":\"de\",\"potentialAction\":[{\"@type\":\"ReadAction\",\"target\":[\"https:\/\/vins-bohn.alsace\/de\/die-weine\/\"]}]},{\"@type\":\"BreadcrumbList\",\"@id\":\"https:\/\/vins-bohn.alsace\/de\/die-weine\/#breadcrumb\",\"itemListElement\":[{\"@type\":\"ListItem\",\"position\":1,\"name\":\"Accueil\",\"item\":\"http:\/\/vins-bohn.alsace\/de\/\"},{\"@type\":\"ListItem\",\"position\":2,\"name\":\"Die Rebsorten\"}]},{\"@type\":\"WebSite\",\"@id\":\"http:\/\/vins-bohn.alsace\/#website\",\"url\":\"http:\/\/vins-bohn.alsace\/\",\"name\":\"Vins d&#039;Alsace BOHN RENE\",\"description\":\"Vin de Blienschwiller - Route des Vins Alsace\",\"potentialAction\":[{\"@type\":\"SearchAction\",\"target\":{\"@type\":\"EntryPoint\",\"urlTemplate\":\"http:\/\/vins-bohn.alsace\/?s={search_term_string}\"},\"query-input\":\"required name=search_term_string\"}],\"inLanguage\":\"de\"}]}<\/script>\n<!-- \/ Yoast SEO plugin. -->","yoast_head_json":{"title":"Die Rebsorten - Vins d&#039;Alsace BOHN RENE","robots":{"index":"index","follow":"follow","max-snippet":"max-snippet:-1","max-image-preview":"max-image-preview:large","max-video-preview":"max-video-preview:-1"},"canonical":"https:\/\/vins-bohn.alsace\/de\/die-weine\/","og_locale":"de_DE","og_type":"article","og_title":"Die Rebsorten - Vins d&#039;Alsace BOHN RENE","og_description":"Alsace Weinregion: Im Elsass im Gegensatz zu anderen Nutzungen der Franz\u00f6sisch Weinberge, ist es in der Regel nicht das Terroir, die ihren Namen Rebsorten zu den [&hellip;]","og_url":"https:\/\/vins-bohn.alsace\/de\/die-weine\/","og_site_name":"Vins d&#039;Alsace BOHN RENE","article_modified_time":"2016-03-11T18:17:46+00:00","og_image":[{"url":"http:\/\/vins-bohn.alsace\/wp-content\/uploads\/2015\/12\/bohn-slide-vins-1024x267.jpg"}],"twitter_card":"summary_large_image","twitter_misc":{"Gesch\u00e4tzte Lesezeit":"1\u00a0Minute"},"schema":{"@context":"https:\/\/schema.org","@graph":[{"@type":"WebPage","@id":"https:\/\/vins-bohn.alsace\/de\/die-weine\/","url":"https:\/\/vins-bohn.alsace\/de\/die-weine\/","name":"Die Rebsorten - Vins d&#039;Alsace BOHN RENE","isPartOf":{"@id":"http:\/\/vins-bohn.alsace\/#website"},"datePublished":"2016-02-15T12:50:12+00:00","dateModified":"2016-03-11T18:17:46+00:00","breadcrumb":{"@id":"https:\/\/vins-bohn.alsace\/de\/die-weine\/#breadcrumb"},"inLanguage":"de","potentialAction":[{"@type":"ReadAction","target":["https:\/\/vins-bohn.alsace\/de\/die-weine\/"]}]},{"@type":"BreadcrumbList","@id":"https:\/\/vins-bohn.alsace\/de\/die-weine\/#breadcrumb","itemListElement":[{"@type":"ListItem","position":1,"name":"Accueil","item":"http:\/\/vins-bohn.alsace\/de\/"},{"@type":"ListItem","position":2,"name":"Die Rebsorten"}]},{"@type":"WebSite","@id":"http:\/\/vins-bohn.alsace\/#website","url":"http:\/\/vins-bohn.alsace\/","name":"Vins d&#039;Alsace BOHN RENE","description":"Vin de Blienschwiller - Route des Vins Alsace","potentialAction":[{"@type":"SearchAction","target":{"@type":"EntryPoint","urlTemplate":"http:\/\/vins-bohn.alsace\/?s={search_term_string}"},"query-input":"required name=search_term_string"}],"inLanguage":"de"}]}},"_links":{"self":[{"href":"https:\/\/vins-bohn.alsace\/de\/wp-json\/wp\/v2\/pages\/2653"}],"collection":[{"href":"https:\/\/vins-bohn.alsace\/de\/wp-json\/wp\/v2\/pages"}],"about":[{"href":"https:\/\/vins-bohn.alsace\/de\/wp-json\/wp\/v2\/types\/page"}],"author":[{"embeddable":true,"href":"https:\/\/vins-bohn.alsace\/de\/wp-json\/wp\/v2\/users\/1"}],"replies":[{"embeddable":true,"href":"https:\/\/vins-bohn.alsace\/de\/wp-json\/wp\/v2\/comments?post=2653"}],"version-history":[{"count":4,"href":"https:\/\/vins-bohn.alsace\/de\/wp-json\/wp\/v2\/pages\/2653\/revisions"}],"predecessor-version":[{"id":2876,"href":"https:\/\/vins-bohn.alsace\/de\/wp-json\/wp\/v2\/pages\/2653\/revisions\/2876"}],"wp:attachment":[{"href":"https:\/\/vins-bohn.alsace\/de\/wp-json\/wp\/v2\/media?parent=2653"}],"curies":[{"name":"wp","href":"https:\/\/api.w.org\/{rel}","templated":true}]}}