{"id":2655,"date":"2016-02-15T13:50:48","date_gmt":"2016-02-15T12:50:48","guid":{"rendered":"http:\/\/vins-bohn.alsace\/de\/?page_id=2655"},"modified":"2016-03-11T18:36:11","modified_gmt":"2016-03-11T17:36:11","slug":"der-sylvaner","status":"publish","type":"page","link":"https:\/\/vins-bohn.alsace\/de\/der-sylvaner\/","title":{"rendered":"Der Sylvaner"},"content":{"rendered":"<p style=\"text-align: left;\"><strong><span style=\"font-family: arial, helvetica, sans-serif; font-size: 12pt;\"><img loading=\"lazy\" decoding=\"async\" class=\"alignnone wp-image-2556 alignleft\" src=\"http:\/\/vins-bohn.alsace\/wp-content\/uploads\/2015\/11\/sylvaner-369x500-BOHN.jpg\" alt=\"sylvaner 369x500 BOHN\" width=\"325\" height=\"440\" srcset=\"https:\/\/vins-bohn.alsace\/wp-content\/uploads\/2015\/11\/sylvaner-369x500-BOHN.jpg 369w, https:\/\/vins-bohn.alsace\/wp-content\/uploads\/2015\/11\/sylvaner-369x500-BOHN-221x300.jpg 221w, https:\/\/vins-bohn.alsace\/wp-content\/uploads\/2015\/11\/sylvaner-369x500-BOHN-108x146.jpg 108w, https:\/\/vins-bohn.alsace\/wp-content\/uploads\/2015\/11\/sylvaner-369x500-BOHN-37x50.jpg 37w, https:\/\/vins-bohn.alsace\/wp-content\/uploads\/2015\/11\/sylvaner-369x500-BOHN-55x75.jpg 55w\" sizes=\"(max-width: 325px) 100vw, 325px\" \/><\/span><\/strong><\/p>\n<p><strong>Alsace Weinregion:<\/strong><br \/>\nIm Elsass im Gegensatz zu anderen Nutzungen der Franz\u00f6sisch Weinberge, ist es in der Regel nicht das Terroir, die ihren Namen Rebsorten zu den Weinen des Elsass gibt aber selbst.<\/p>\n<p>Sylvaner: Frisch und leicht mit einem feinen Geschmack. er angenehm und erfrischend Show wei\u00df lebhaft.<\/p>\n<p><strong>Wo ist es entstanden:<\/strong><br \/>\nTraditionell im Elsass angebaut, Sylvaner \u00f6sterreichischer Herkunft ist und in ganz Mitteleuropa nach Russland, sowie in Australien und Kalifornien verbreiten w\u00fcrde.<\/p>\n<p><strong>Wie zu geben:<\/strong><br \/>\nSylvaner ist in erster Linie ein Wein mit Aufschnitt oder k\u00f6stliche Mahlzeiten, Quiches oder Torten mit Zwiebel zu teilen.<br \/>\nDieser Wein hat nicht gleich diese einfachen und authentischen Gerichten zu lindern durch seinen Witz und gute Laune zu teilen.<br \/>\nOft f\u00fcr Fondues verwendet. Es geht sch\u00f6n mit Meeresfr\u00fcchten.<br \/>\nLeicht aromatisch, sie nicht mit Meeres Salinit\u00e4t Austern und andere k\u00f6stliche Meeresfr\u00fcchte-Platten st\u00f6ren.<br \/>\nMuscheln, Schnecken und gegrillten Fisch auch gern seinen Charakter frisch und erfrischend, seinen feinen Geschmack.<\/p>\n","protected":false},"excerpt":{"rendered":"<p>Alsace Weinregion: Im Elsass im Gegensatz zu anderen Nutzungen der Franz\u00f6sisch Weinberge, ist es in der Regel nicht das Terroir, die ihren Namen Rebsorten zu den [&hellip;]<\/p>\n","protected":false},"author":1,"featured_media":0,"parent":0,"menu_order":0,"comment_status":"closed","ping_status":"closed","template":"","meta":{"footnotes":""},"yoast_head":"<!-- This site is optimized with the Yoast SEO plugin v21.6 - https:\/\/yoast.com\/wordpress\/plugins\/seo\/ -->\n<title>Der Sylvaner - Vins d&#039;Alsace BOHN RENE<\/title>\n<meta name=\"robots\" content=\"index, follow, max-snippet:-1, max-image-preview:large, max-video-preview:-1\" \/>\n<link rel=\"canonical\" href=\"http:\/\/vins-bohn.alsace\/de\/der-sylvaner\/\" \/>\n<meta property=\"og:locale\" content=\"de_DE\" \/>\n<meta property=\"og:type\" content=\"article\" \/>\n<meta property=\"og:title\" content=\"Der Sylvaner - Vins d&#039;Alsace BOHN RENE\" \/>\n<meta property=\"og:description\" content=\"Alsace Weinregion: Im Elsass im Gegensatz zu anderen Nutzungen der Franz\u00f6sisch Weinberge, ist es in der Regel nicht das Terroir, die ihren Namen Rebsorten zu den [&hellip;]\" \/>\n<meta property=\"og:url\" content=\"http:\/\/vins-bohn.alsace\/de\/der-sylvaner\/\" \/>\n<meta property=\"og:site_name\" content=\"Vins d&#039;Alsace BOHN RENE\" \/>\n<meta property=\"article:modified_time\" content=\"2016-03-11T17:36:11+00:00\" \/>\n<meta property=\"og:image\" content=\"http:\/\/vins-bohn.alsace\/wp-content\/uploads\/2015\/11\/sylvaner-369x500-BOHN.jpg\" \/>\n<meta name=\"twitter:card\" content=\"summary_large_image\" \/>\n<meta name=\"twitter:label1\" content=\"Gesch\u00e4tzte Lesezeit\" \/>\n\t<meta name=\"twitter:data1\" content=\"1\u00a0Minute\" \/>\n<script type=\"application\/ld+json\" class=\"yoast-schema-graph\">{\"@context\":\"https:\/\/schema.org\",\"@graph\":[{\"@type\":\"WebPage\",\"@id\":\"http:\/\/vins-bohn.alsace\/de\/der-sylvaner\/\",\"url\":\"http:\/\/vins-bohn.alsace\/de\/der-sylvaner\/\",\"name\":\"Der Sylvaner - Vins d&#039;Alsace BOHN RENE\",\"isPartOf\":{\"@id\":\"http:\/\/vins-bohn.alsace\/#website\"},\"datePublished\":\"2016-02-15T12:50:48+00:00\",\"dateModified\":\"2016-03-11T17:36:11+00:00\",\"breadcrumb\":{\"@id\":\"http:\/\/vins-bohn.alsace\/de\/der-sylvaner\/#breadcrumb\"},\"inLanguage\":\"de\",\"potentialAction\":[{\"@type\":\"ReadAction\",\"target\":[\"http:\/\/vins-bohn.alsace\/de\/der-sylvaner\/\"]}]},{\"@type\":\"BreadcrumbList\",\"@id\":\"http:\/\/vins-bohn.alsace\/de\/der-sylvaner\/#breadcrumb\",\"itemListElement\":[{\"@type\":\"ListItem\",\"position\":1,\"name\":\"Accueil\",\"item\":\"http:\/\/vins-bohn.alsace\/de\/\"},{\"@type\":\"ListItem\",\"position\":2,\"name\":\"Der Sylvaner\"}]},{\"@type\":\"WebSite\",\"@id\":\"http:\/\/vins-bohn.alsace\/#website\",\"url\":\"http:\/\/vins-bohn.alsace\/\",\"name\":\"Vins d&#039;Alsace BOHN RENE\",\"description\":\"Vin de Blienschwiller - Route des Vins Alsace\",\"potentialAction\":[{\"@type\":\"SearchAction\",\"target\":{\"@type\":\"EntryPoint\",\"urlTemplate\":\"http:\/\/vins-bohn.alsace\/?s={search_term_string}\"},\"query-input\":\"required name=search_term_string\"}],\"inLanguage\":\"de\"}]}<\/script>\n<!-- \/ Yoast SEO plugin. -->","yoast_head_json":{"title":"Der Sylvaner - Vins d&#039;Alsace BOHN RENE","robots":{"index":"index","follow":"follow","max-snippet":"max-snippet:-1","max-image-preview":"max-image-preview:large","max-video-preview":"max-video-preview:-1"},"canonical":"http:\/\/vins-bohn.alsace\/de\/der-sylvaner\/","og_locale":"de_DE","og_type":"article","og_title":"Der Sylvaner - Vins d&#039;Alsace BOHN RENE","og_description":"Alsace Weinregion: Im Elsass im Gegensatz zu anderen Nutzungen der Franz\u00f6sisch Weinberge, ist es in der Regel nicht das Terroir, die ihren Namen Rebsorten zu den [&hellip;]","og_url":"http:\/\/vins-bohn.alsace\/de\/der-sylvaner\/","og_site_name":"Vins d&#039;Alsace BOHN RENE","article_modified_time":"2016-03-11T17:36:11+00:00","og_image":[{"url":"http:\/\/vins-bohn.alsace\/wp-content\/uploads\/2015\/11\/sylvaner-369x500-BOHN.jpg"}],"twitter_card":"summary_large_image","twitter_misc":{"Gesch\u00e4tzte Lesezeit":"1\u00a0Minute"},"schema":{"@context":"https:\/\/schema.org","@graph":[{"@type":"WebPage","@id":"http:\/\/vins-bohn.alsace\/de\/der-sylvaner\/","url":"http:\/\/vins-bohn.alsace\/de\/der-sylvaner\/","name":"Der Sylvaner - Vins d&#039;Alsace BOHN RENE","isPartOf":{"@id":"http:\/\/vins-bohn.alsace\/#website"},"datePublished":"2016-02-15T12:50:48+00:00","dateModified":"2016-03-11T17:36:11+00:00","breadcrumb":{"@id":"http:\/\/vins-bohn.alsace\/de\/der-sylvaner\/#breadcrumb"},"inLanguage":"de","potentialAction":[{"@type":"ReadAction","target":["http:\/\/vins-bohn.alsace\/de\/der-sylvaner\/"]}]},{"@type":"BreadcrumbList","@id":"http:\/\/vins-bohn.alsace\/de\/der-sylvaner\/#breadcrumb","itemListElement":[{"@type":"ListItem","position":1,"name":"Accueil","item":"http:\/\/vins-bohn.alsace\/de\/"},{"@type":"ListItem","position":2,"name":"Der Sylvaner"}]},{"@type":"WebSite","@id":"http:\/\/vins-bohn.alsace\/#website","url":"http:\/\/vins-bohn.alsace\/","name":"Vins d&#039;Alsace BOHN RENE","description":"Vin de Blienschwiller - Route des Vins Alsace","potentialAction":[{"@type":"SearchAction","target":{"@type":"EntryPoint","urlTemplate":"http:\/\/vins-bohn.alsace\/?s={search_term_string}"},"query-input":"required name=search_term_string"}],"inLanguage":"de"}]}},"_links":{"self":[{"href":"https:\/\/vins-bohn.alsace\/de\/wp-json\/wp\/v2\/pages\/2655"}],"collection":[{"href":"https:\/\/vins-bohn.alsace\/de\/wp-json\/wp\/v2\/pages"}],"about":[{"href":"https:\/\/vins-bohn.alsace\/de\/wp-json\/wp\/v2\/types\/page"}],"author":[{"embeddable":true,"href":"https:\/\/vins-bohn.alsace\/de\/wp-json\/wp\/v2\/users\/1"}],"replies":[{"embeddable":true,"href":"https:\/\/vins-bohn.alsace\/de\/wp-json\/wp\/v2\/comments?post=2655"}],"version-history":[{"count":3,"href":"https:\/\/vins-bohn.alsace\/de\/wp-json\/wp\/v2\/pages\/2655\/revisions"}],"predecessor-version":[{"id":2831,"href":"https:\/\/vins-bohn.alsace\/de\/wp-json\/wp\/v2\/pages\/2655\/revisions\/2831"}],"wp:attachment":[{"href":"https:\/\/vins-bohn.alsace\/de\/wp-json\/wp\/v2\/media?parent=2655"}],"curies":[{"name":"wp","href":"https:\/\/api.w.org\/{rel}","templated":true}]}}