{"id":2659,"date":"2016-02-15T13:52:13","date_gmt":"2016-02-15T12:52:13","guid":{"rendered":"http:\/\/vins-bohn.alsace\/de\/?page_id=2659"},"modified":"2016-03-01T10:04:44","modified_gmt":"2016-03-01T09:04:44","slug":"der-muscat","status":"publish","type":"page","link":"https:\/\/vins-bohn.alsace\/de\/der-muscat\/","title":{"rendered":"Der Muscat"},"content":{"rendered":"<p><span style=\"font-size: 12pt; font-family: arial, helvetica, sans-serif;\"><strong><img loading=\"lazy\" decoding=\"async\" class=\"alignnone wp-image-2569 alignleft\" src=\"http:\/\/vins-bohn.alsace\/wp-content\/uploads\/2015\/11\/muscat-bohn.jpg\" alt=\"muscat bohn\" width=\"291\" height=\"404\" srcset=\"https:\/\/vins-bohn.alsace\/wp-content\/uploads\/2015\/11\/muscat-bohn.jpg 360w, https:\/\/vins-bohn.alsace\/wp-content\/uploads\/2015\/11\/muscat-bohn-216x300.jpg 216w, https:\/\/vins-bohn.alsace\/wp-content\/uploads\/2015\/11\/muscat-bohn-105x146.jpg 105w, https:\/\/vins-bohn.alsace\/wp-content\/uploads\/2015\/11\/muscat-bohn-36x50.jpg 36w, https:\/\/vins-bohn.alsace\/wp-content\/uploads\/2015\/11\/muscat-bohn-54x75.jpg 54w\" sizes=\"(max-width: 291px) 100vw, 291px\" \/><\/strong><\/span><\/p>\n<p><strong>Seine Urspr\u00fcnge:<\/strong><\/p>\n<p>Zwei Sorten von Muscat sind im Elsass angebaut. Muscat, sagte der &#8220;kleine Korn&#8221; oder &#8220;Muscat d&#8217;Alsace&#8221; im fr\u00fchen sechzehnten Jahrhundert im Elsass erschien (es auch von dem gro\u00dfen Dichter Alsace Fischart zitiert wird). Muscat Ottonel erschien in der Mitte des neunzehnten Jahrhunderts im Elsass.<\/p>\n<p><strong>Die aufnehmen:<\/strong><\/p>\n<p>Kein Els\u00e4sser Wein am besten verk\u00f6rpert die Muscat Freuden und Geist des Fr\u00fchlings, das Appetit auf frische und sch\u00f6ne Frucht, die Sie auf den Mund eine Weintraube bei\u00dfen macht!<\/p>\n<p>Mit seinem trockenen Charakter, \u00f6ffnet Muscat d&#8217;Alsace wirklich den Appetit an. Die Feinheit und Subtilit\u00e4t der Frucht, ihre nat\u00fcrliche Lebhaftigkeit intakt lassen das Schloss f\u00fcr einen Aperitif dann in den fr\u00fchen Stadien der gastronomische Reise suchen<\/p>\n<p>Er begleitet mit Subtilit\u00e4t und Bosheit gegrillten Fisch, w\u00e4hrend seine nat\u00fcrliche H\u00f6hepunkte K\u00fcche Licht basierend auf gekocht oder rohes Gem\u00fcse: ged\u00fcnstet Zubereitungen, vegetarische Gerichte oder junge Triebe.<\/p>\n<p>Im Fr\u00fchjahr will er auf dem neuesten Spargel peitschen in dem sogar Temperament verwirrend! Ist das Spargel offenbart einen Hauch von Bitterkeit beenden, die die Aromen von den meisten Weinen verzerrt. Muscat d&#8217;Alsace die Herausforderung, es mit Bitterkeit Finesse teilen, bedeckt es seinen fruchtig knackig und lecker<\/p>\n<p><span style=\"font-size: 12pt; font-family: arial, helvetica, sans-serif;\"><strong>\u00a0<\/strong><\/span><\/p>\n<p style=\"text-align: left;\"><span style=\"font-size: 8pt; font-family: arial, helvetica, sans-serif;\">@sources Site vins d&#8217;alsace<\/span><\/p>\n","protected":false},"excerpt":{"rendered":"<p>Seine Urspr\u00fcnge: Zwei Sorten von Muscat sind im Elsass angebaut. Muscat, sagte der &#8220;kleine Korn&#8221; oder &#8220;Muscat d&#8217;Alsace&#8221; im fr\u00fchen sechzehnten Jahrhundert im Elsass erschien (es [&hellip;]<\/p>\n","protected":false},"author":1,"featured_media":0,"parent":0,"menu_order":0,"comment_status":"closed","ping_status":"closed","template":"","meta":{"footnotes":""},"yoast_head":"<!-- This site is optimized with the Yoast SEO plugin v21.6 - https:\/\/yoast.com\/wordpress\/plugins\/seo\/ -->\n<title>Der Muscat - Vins d&#039;Alsace BOHN RENE<\/title>\n<meta name=\"robots\" content=\"index, follow, max-snippet:-1, max-image-preview:large, max-video-preview:-1\" \/>\n<link rel=\"canonical\" href=\"http:\/\/vins-bohn.alsace\/de\/der-muscat\/\" \/>\n<meta property=\"og:locale\" content=\"de_DE\" \/>\n<meta property=\"og:type\" content=\"article\" \/>\n<meta property=\"og:title\" content=\"Der Muscat - Vins d&#039;Alsace BOHN RENE\" \/>\n<meta property=\"og:description\" content=\"Seine Urspr\u00fcnge: Zwei Sorten von Muscat sind im Elsass angebaut. Muscat, sagte der &#8220;kleine Korn&#8221; oder &#8220;Muscat d&#8217;Alsace&#8221; im fr\u00fchen sechzehnten Jahrhundert im Elsass erschien (es [&hellip;]\" \/>\n<meta property=\"og:url\" content=\"http:\/\/vins-bohn.alsace\/de\/der-muscat\/\" \/>\n<meta property=\"og:site_name\" content=\"Vins d&#039;Alsace BOHN RENE\" \/>\n<meta property=\"article:modified_time\" content=\"2016-03-01T09:04:44+00:00\" \/>\n<meta property=\"og:image\" content=\"http:\/\/vins-bohn.alsace\/wp-content\/uploads\/2015\/11\/muscat-bohn.jpg\" \/>\n<meta name=\"twitter:card\" content=\"summary_large_image\" \/>\n<meta name=\"twitter:label1\" content=\"Gesch\u00e4tzte Lesezeit\" \/>\n\t<meta name=\"twitter:data1\" content=\"1\u00a0Minute\" \/>\n<script type=\"application\/ld+json\" class=\"yoast-schema-graph\">{\"@context\":\"https:\/\/schema.org\",\"@graph\":[{\"@type\":\"WebPage\",\"@id\":\"http:\/\/vins-bohn.alsace\/de\/der-muscat\/\",\"url\":\"http:\/\/vins-bohn.alsace\/de\/der-muscat\/\",\"name\":\"Der Muscat - Vins d&#039;Alsace BOHN RENE\",\"isPartOf\":{\"@id\":\"http:\/\/vins-bohn.alsace\/#website\"},\"datePublished\":\"2016-02-15T12:52:13+00:00\",\"dateModified\":\"2016-03-01T09:04:44+00:00\",\"breadcrumb\":{\"@id\":\"http:\/\/vins-bohn.alsace\/de\/der-muscat\/#breadcrumb\"},\"inLanguage\":\"de\",\"potentialAction\":[{\"@type\":\"ReadAction\",\"target\":[\"http:\/\/vins-bohn.alsace\/de\/der-muscat\/\"]}]},{\"@type\":\"BreadcrumbList\",\"@id\":\"http:\/\/vins-bohn.alsace\/de\/der-muscat\/#breadcrumb\",\"itemListElement\":[{\"@type\":\"ListItem\",\"position\":1,\"name\":\"Accueil\",\"item\":\"http:\/\/vins-bohn.alsace\/de\/\"},{\"@type\":\"ListItem\",\"position\":2,\"name\":\"Der Muscat\"}]},{\"@type\":\"WebSite\",\"@id\":\"http:\/\/vins-bohn.alsace\/#website\",\"url\":\"http:\/\/vins-bohn.alsace\/\",\"name\":\"Vins d&#039;Alsace BOHN RENE\",\"description\":\"Vin de Blienschwiller - Route des Vins Alsace\",\"potentialAction\":[{\"@type\":\"SearchAction\",\"target\":{\"@type\":\"EntryPoint\",\"urlTemplate\":\"http:\/\/vins-bohn.alsace\/?s={search_term_string}\"},\"query-input\":\"required name=search_term_string\"}],\"inLanguage\":\"de\"}]}<\/script>\n<!-- \/ Yoast SEO plugin. -->","yoast_head_json":{"title":"Der Muscat - Vins d&#039;Alsace BOHN RENE","robots":{"index":"index","follow":"follow","max-snippet":"max-snippet:-1","max-image-preview":"max-image-preview:large","max-video-preview":"max-video-preview:-1"},"canonical":"http:\/\/vins-bohn.alsace\/de\/der-muscat\/","og_locale":"de_DE","og_type":"article","og_title":"Der Muscat - Vins d&#039;Alsace BOHN RENE","og_description":"Seine Urspr\u00fcnge: Zwei Sorten von Muscat sind im Elsass angebaut. Muscat, sagte der &#8220;kleine Korn&#8221; oder &#8220;Muscat d&#8217;Alsace&#8221; im fr\u00fchen sechzehnten Jahrhundert im Elsass erschien (es [&hellip;]","og_url":"http:\/\/vins-bohn.alsace\/de\/der-muscat\/","og_site_name":"Vins d&#039;Alsace BOHN RENE","article_modified_time":"2016-03-01T09:04:44+00:00","og_image":[{"url":"http:\/\/vins-bohn.alsace\/wp-content\/uploads\/2015\/11\/muscat-bohn.jpg"}],"twitter_card":"summary_large_image","twitter_misc":{"Gesch\u00e4tzte Lesezeit":"1\u00a0Minute"},"schema":{"@context":"https:\/\/schema.org","@graph":[{"@type":"WebPage","@id":"http:\/\/vins-bohn.alsace\/de\/der-muscat\/","url":"http:\/\/vins-bohn.alsace\/de\/der-muscat\/","name":"Der Muscat - Vins d&#039;Alsace BOHN RENE","isPartOf":{"@id":"http:\/\/vins-bohn.alsace\/#website"},"datePublished":"2016-02-15T12:52:13+00:00","dateModified":"2016-03-01T09:04:44+00:00","breadcrumb":{"@id":"http:\/\/vins-bohn.alsace\/de\/der-muscat\/#breadcrumb"},"inLanguage":"de","potentialAction":[{"@type":"ReadAction","target":["http:\/\/vins-bohn.alsace\/de\/der-muscat\/"]}]},{"@type":"BreadcrumbList","@id":"http:\/\/vins-bohn.alsace\/de\/der-muscat\/#breadcrumb","itemListElement":[{"@type":"ListItem","position":1,"name":"Accueil","item":"http:\/\/vins-bohn.alsace\/de\/"},{"@type":"ListItem","position":2,"name":"Der Muscat"}]},{"@type":"WebSite","@id":"http:\/\/vins-bohn.alsace\/#website","url":"http:\/\/vins-bohn.alsace\/","name":"Vins d&#039;Alsace BOHN RENE","description":"Vin de Blienschwiller - Route des Vins Alsace","potentialAction":[{"@type":"SearchAction","target":{"@type":"EntryPoint","urlTemplate":"http:\/\/vins-bohn.alsace\/?s={search_term_string}"},"query-input":"required name=search_term_string"}],"inLanguage":"de"}]}},"_links":{"self":[{"href":"https:\/\/vins-bohn.alsace\/de\/wp-json\/wp\/v2\/pages\/2659"}],"collection":[{"href":"https:\/\/vins-bohn.alsace\/de\/wp-json\/wp\/v2\/pages"}],"about":[{"href":"https:\/\/vins-bohn.alsace\/de\/wp-json\/wp\/v2\/types\/page"}],"author":[{"embeddable":true,"href":"https:\/\/vins-bohn.alsace\/de\/wp-json\/wp\/v2\/users\/1"}],"replies":[{"embeddable":true,"href":"https:\/\/vins-bohn.alsace\/de\/wp-json\/wp\/v2\/comments?post=2659"}],"version-history":[{"count":3,"href":"https:\/\/vins-bohn.alsace\/de\/wp-json\/wp\/v2\/pages\/2659\/revisions"}],"predecessor-version":[{"id":2819,"href":"https:\/\/vins-bohn.alsace\/de\/wp-json\/wp\/v2\/pages\/2659\/revisions\/2819"}],"wp:attachment":[{"href":"https:\/\/vins-bohn.alsace\/de\/wp-json\/wp\/v2\/media?parent=2659"}],"curies":[{"name":"wp","href":"https:\/\/api.w.org\/{rel}","templated":true}]}}