{"id":2665,"date":"2016-02-15T13:54:02","date_gmt":"2016-02-15T12:54:02","guid":{"rendered":"http:\/\/vins-bohn.alsace\/de\/?page_id=2665"},"modified":"2016-03-01T10:09:10","modified_gmt":"2016-03-01T09:09:10","slug":"der-riesling","status":"publish","type":"page","link":"https:\/\/vins-bohn.alsace\/de\/der-riesling\/","title":{"rendered":"Der Riesling"},"content":{"rendered":"<p style=\"text-align: left;\"><span style=\"font-size: 12pt;\"><span style=\"font-family: arial, helvetica, sans-serif;\"><img loading=\"lazy\" decoding=\"async\" class=\"wp-image-2572 alignleft\" src=\"http:\/\/vins-bohn.alsace\/wp-content\/uploads\/2015\/11\/riesling-winzenberg-bohn.jpg\" alt=\"riesling winzenberg bohn\" width=\"295\" height=\"412\" srcset=\"https:\/\/vins-bohn.alsace\/wp-content\/uploads\/2015\/11\/riesling-winzenberg-bohn.jpg 358w, https:\/\/vins-bohn.alsace\/wp-content\/uploads\/2015\/11\/riesling-winzenberg-bohn-215x300.jpg 215w, https:\/\/vins-bohn.alsace\/wp-content\/uploads\/2015\/11\/riesling-winzenberg-bohn-105x146.jpg 105w, https:\/\/vins-bohn.alsace\/wp-content\/uploads\/2015\/11\/riesling-winzenberg-bohn-36x50.jpg 36w, https:\/\/vins-bohn.alsace\/wp-content\/uploads\/2015\/11\/riesling-winzenberg-bohn-54x75.jpg 54w\" sizes=\"(max-width: 295px) 100vw, 295px\" \/><strong>Seine Urspr\u00fcnge:<\/strong><br \/>\nDies ist die Rheinische Rebsorte! Alle sind sich einig, dass das Rheintal ist die Wiege. F\u00fcr einige w\u00e4re dies der Argitis Moll Roman und Kultur der r\u00f6mischen Besatzung stammt. Nach Stoltz, Riesling wurde im neunten Jahrhundert in den Weinbergen von Rheinghau eingef\u00fchrt. Im Jahre 843, nach der Teilung des Reiches Karls des Gro\u00dfen, hatte Louis II le Germain die aromatische Art entlang des Rheins gepflanzt.<br \/>\nDiese Traube nahm bald den Namen riesling, Name riesling, die (in der deutschen Senke) kommt, weil, bevor es zu Alsace akklimatisiert ist, er durchzuh\u00e4ngen (bei widrigen Wetterbedingungen wie Regen empfindlich war Zeitpunkt der Bl\u00fcte, fallen die Blumen auf den Boden. Es gibt keine Produktion von Trauben ist). Anders als bei seinem deutschen Vetter, der Els\u00e4sser Riesling hat in unserer Region aus dem sp\u00e4ten f\u00fcnfzehnten Jahrhundert eingef\u00fchrt. Es wird allgemein die folgende Jahrhundert zitiert, aber seine Kultur wird erst in der zweiten H\u00e4lfte des neunzehnten Jahrhunderts entwickelt. Es war nach 1960, die an der Spitze der Produktionsbereiche im Elsass voranbringen.<\/span><\/span><\/p>\n<p style=\"text-align: left;\"><span style=\"font-size: 12pt;\"><span style=\"font-family: arial, helvetica, sans-serif;\"><strong>Die aufnehmen:<\/strong><br \/>\nDieser unnachahmlich Wein setzt eine Reihe von Ressourcen: eine seltene Balance, bemerkenswerte Lebhaftigkeit, exquisite Finesse!<br \/>\nGekleidet in seine feinen Aromen, bietet es eine sch\u00f6ne Textur Vereinbarung mit dem Fisch, dessen zarte Fleisch, ein eleganter Wein genannt. Seine feine S\u00e4ure, kombiniert oder nicht mit einem Spritzer Zitrone, ausatmet, die feinen Aromen der Schalentiere w\u00e4hrend ihrer Jodgehalt zu belasten. Wenn die Fische und Muscheln in So\u00dfe oder Sahne gekocht werden, bringt es eine Leichtigkeit der Ber\u00fchrung, die Netto-Knospen, begierig auf einen anderen Biss verl\u00e4sst.<br \/>\nOhne falsche Bescheidenheit, ist es eines der wenigen Wei\u00dfweine der ber\u00fchmten St\u00f6reiern zu ehren, die in der Regel die begleitenden Weinen entgegenstellen, einen Fisch und metallischen Geschmack. Es nimmt den Charakter eines Riesling aus dem Elsass, die St\u00e4rke von Kaviar zu widerstehen, w\u00e4hrend es mit jedem Bissen versch\u00f6nert.<br \/>\nVerlassen Meereswelt, ist der Riesling auch wohl mit Gefl\u00fcgel und hellem Fleisch Bit gern aggressiv Tanninen. Er zeichnet Sauce in Zubereitungen wie Kalbsblankett oder Hahn &#8230; Riesling in Begleitung.<br \/>\n<\/span><span style=\"font-family: arial, helvetica, sans-serif;\">Zu der Zeit, K\u00e4se, Ziegen und Schafe schwelgen in diesem frischen und ausdrucksstark Wein. Seine lange und feine S\u00e4ure erinnert an die Milchs\u00e4ure enth\u00e4lt<\/span><strong><span style=\"font-family: arial, helvetica, sans-serif;\"><br \/>\n<\/span><\/strong><\/span><\/p>\n","protected":false},"excerpt":{"rendered":"<p>Seine Urspr\u00fcnge: Dies ist die Rheinische Rebsorte! Alle sind sich einig, dass das Rheintal ist die Wiege. F\u00fcr einige w\u00e4re dies der Argitis Moll Roman und [&hellip;]<\/p>\n","protected":false},"author":1,"featured_media":0,"parent":0,"menu_order":0,"comment_status":"closed","ping_status":"closed","template":"","meta":{"footnotes":""},"yoast_head":"<!-- This site is optimized with the Yoast SEO plugin v21.6 - https:\/\/yoast.com\/wordpress\/plugins\/seo\/ -->\n<title>Der Riesling - Vins d&#039;Alsace BOHN RENE<\/title>\n<meta name=\"robots\" content=\"index, follow, max-snippet:-1, max-image-preview:large, max-video-preview:-1\" \/>\n<link rel=\"canonical\" href=\"https:\/\/vins-bohn.alsace\/de\/der-riesling\/\" \/>\n<meta property=\"og:locale\" content=\"de_DE\" \/>\n<meta property=\"og:type\" content=\"article\" \/>\n<meta property=\"og:title\" content=\"Der Riesling - Vins d&#039;Alsace BOHN RENE\" \/>\n<meta property=\"og:description\" content=\"Seine Urspr\u00fcnge: Dies ist die Rheinische Rebsorte! Alle sind sich einig, dass das Rheintal ist die Wiege. F\u00fcr einige w\u00e4re dies der Argitis Moll Roman und [&hellip;]\" \/>\n<meta property=\"og:url\" content=\"https:\/\/vins-bohn.alsace\/de\/der-riesling\/\" \/>\n<meta property=\"og:site_name\" content=\"Vins d&#039;Alsace BOHN RENE\" \/>\n<meta property=\"article:modified_time\" content=\"2016-03-01T09:09:10+00:00\" \/>\n<meta property=\"og:image\" content=\"http:\/\/vins-bohn.alsace\/wp-content\/uploads\/2015\/11\/riesling-winzenberg-bohn.jpg\" \/>\n<meta name=\"twitter:card\" content=\"summary_large_image\" \/>\n<meta name=\"twitter:label1\" content=\"Gesch\u00e4tzte Lesezeit\" \/>\n\t<meta name=\"twitter:data1\" content=\"2\u00a0Minuten\" \/>\n<script type=\"application\/ld+json\" class=\"yoast-schema-graph\">{\"@context\":\"https:\/\/schema.org\",\"@graph\":[{\"@type\":\"WebPage\",\"@id\":\"https:\/\/vins-bohn.alsace\/de\/der-riesling\/\",\"url\":\"https:\/\/vins-bohn.alsace\/de\/der-riesling\/\",\"name\":\"Der Riesling - Vins d&#039;Alsace BOHN RENE\",\"isPartOf\":{\"@id\":\"http:\/\/vins-bohn.alsace\/#website\"},\"datePublished\":\"2016-02-15T12:54:02+00:00\",\"dateModified\":\"2016-03-01T09:09:10+00:00\",\"breadcrumb\":{\"@id\":\"https:\/\/vins-bohn.alsace\/de\/der-riesling\/#breadcrumb\"},\"inLanguage\":\"de\",\"potentialAction\":[{\"@type\":\"ReadAction\",\"target\":[\"https:\/\/vins-bohn.alsace\/de\/der-riesling\/\"]}]},{\"@type\":\"BreadcrumbList\",\"@id\":\"https:\/\/vins-bohn.alsace\/de\/der-riesling\/#breadcrumb\",\"itemListElement\":[{\"@type\":\"ListItem\",\"position\":1,\"name\":\"Accueil\",\"item\":\"http:\/\/vins-bohn.alsace\/de\/\"},{\"@type\":\"ListItem\",\"position\":2,\"name\":\"Der Riesling\"}]},{\"@type\":\"WebSite\",\"@id\":\"http:\/\/vins-bohn.alsace\/#website\",\"url\":\"http:\/\/vins-bohn.alsace\/\",\"name\":\"Vins d&#039;Alsace BOHN RENE\",\"description\":\"Vin de Blienschwiller - Route des Vins Alsace\",\"potentialAction\":[{\"@type\":\"SearchAction\",\"target\":{\"@type\":\"EntryPoint\",\"urlTemplate\":\"http:\/\/vins-bohn.alsace\/?s={search_term_string}\"},\"query-input\":\"required name=search_term_string\"}],\"inLanguage\":\"de\"}]}<\/script>\n<!-- \/ Yoast SEO plugin. -->","yoast_head_json":{"title":"Der Riesling - Vins d&#039;Alsace BOHN RENE","robots":{"index":"index","follow":"follow","max-snippet":"max-snippet:-1","max-image-preview":"max-image-preview:large","max-video-preview":"max-video-preview:-1"},"canonical":"https:\/\/vins-bohn.alsace\/de\/der-riesling\/","og_locale":"de_DE","og_type":"article","og_title":"Der Riesling - Vins d&#039;Alsace BOHN RENE","og_description":"Seine Urspr\u00fcnge: Dies ist die Rheinische Rebsorte! Alle sind sich einig, dass das Rheintal ist die Wiege. F\u00fcr einige w\u00e4re dies der Argitis Moll Roman und [&hellip;]","og_url":"https:\/\/vins-bohn.alsace\/de\/der-riesling\/","og_site_name":"Vins d&#039;Alsace BOHN RENE","article_modified_time":"2016-03-01T09:09:10+00:00","og_image":[{"url":"http:\/\/vins-bohn.alsace\/wp-content\/uploads\/2015\/11\/riesling-winzenberg-bohn.jpg"}],"twitter_card":"summary_large_image","twitter_misc":{"Gesch\u00e4tzte Lesezeit":"2\u00a0Minuten"},"schema":{"@context":"https:\/\/schema.org","@graph":[{"@type":"WebPage","@id":"https:\/\/vins-bohn.alsace\/de\/der-riesling\/","url":"https:\/\/vins-bohn.alsace\/de\/der-riesling\/","name":"Der Riesling - Vins d&#039;Alsace BOHN RENE","isPartOf":{"@id":"http:\/\/vins-bohn.alsace\/#website"},"datePublished":"2016-02-15T12:54:02+00:00","dateModified":"2016-03-01T09:09:10+00:00","breadcrumb":{"@id":"https:\/\/vins-bohn.alsace\/de\/der-riesling\/#breadcrumb"},"inLanguage":"de","potentialAction":[{"@type":"ReadAction","target":["https:\/\/vins-bohn.alsace\/de\/der-riesling\/"]}]},{"@type":"BreadcrumbList","@id":"https:\/\/vins-bohn.alsace\/de\/der-riesling\/#breadcrumb","itemListElement":[{"@type":"ListItem","position":1,"name":"Accueil","item":"http:\/\/vins-bohn.alsace\/de\/"},{"@type":"ListItem","position":2,"name":"Der Riesling"}]},{"@type":"WebSite","@id":"http:\/\/vins-bohn.alsace\/#website","url":"http:\/\/vins-bohn.alsace\/","name":"Vins d&#039;Alsace BOHN RENE","description":"Vin de Blienschwiller - Route des Vins Alsace","potentialAction":[{"@type":"SearchAction","target":{"@type":"EntryPoint","urlTemplate":"http:\/\/vins-bohn.alsace\/?s={search_term_string}"},"query-input":"required name=search_term_string"}],"inLanguage":"de"}]}},"_links":{"self":[{"href":"https:\/\/vins-bohn.alsace\/de\/wp-json\/wp\/v2\/pages\/2665"}],"collection":[{"href":"https:\/\/vins-bohn.alsace\/de\/wp-json\/wp\/v2\/pages"}],"about":[{"href":"https:\/\/vins-bohn.alsace\/de\/wp-json\/wp\/v2\/types\/page"}],"author":[{"embeddable":true,"href":"https:\/\/vins-bohn.alsace\/de\/wp-json\/wp\/v2\/users\/1"}],"replies":[{"embeddable":true,"href":"https:\/\/vins-bohn.alsace\/de\/wp-json\/wp\/v2\/comments?post=2665"}],"version-history":[{"count":3,"href":"https:\/\/vins-bohn.alsace\/de\/wp-json\/wp\/v2\/pages\/2665\/revisions"}],"predecessor-version":[{"id":2832,"href":"https:\/\/vins-bohn.alsace\/de\/wp-json\/wp\/v2\/pages\/2665\/revisions\/2832"}],"wp:attachment":[{"href":"https:\/\/vins-bohn.alsace\/de\/wp-json\/wp\/v2\/media?parent=2665"}],"curies":[{"name":"wp","href":"https:\/\/api.w.org\/{rel}","templated":true}]}}