{"id":2667,"date":"2016-02-15T13:54:33","date_gmt":"2016-02-15T12:54:33","guid":{"rendered":"http:\/\/vins-bohn.alsace\/de\/?page_id=2667"},"modified":"2016-03-01T09:32:19","modified_gmt":"2016-03-01T08:32:19","slug":"der-gewurztraminer","status":"publish","type":"page","link":"https:\/\/vins-bohn.alsace\/de\/der-gewurztraminer\/","title":{"rendered":"Der Gewurztraminer"},"content":{"rendered":"<p><img loading=\"lazy\" decoding=\"async\" class=\"alignnone size-full wp-image-2586 alignleft\" src=\"http:\/\/vins-bohn.alsace\/wp-content\/uploads\/2015\/11\/gewurtraminer-alsace-bohn.jpg\" alt=\"gewurtraminer alsace bohn\" width=\"351\" height=\"500\" srcset=\"https:\/\/vins-bohn.alsace\/wp-content\/uploads\/2015\/11\/gewurtraminer-alsace-bohn.jpg 351w, https:\/\/vins-bohn.alsace\/wp-content\/uploads\/2015\/11\/gewurtraminer-alsace-bohn-211x300.jpg 211w, https:\/\/vins-bohn.alsace\/wp-content\/uploads\/2015\/11\/gewurtraminer-alsace-bohn-102x146.jpg 102w, https:\/\/vins-bohn.alsace\/wp-content\/uploads\/2015\/11\/gewurtraminer-alsace-bohn-35x50.jpg 35w, https:\/\/vins-bohn.alsace\/wp-content\/uploads\/2015\/11\/gewurtraminer-alsace-bohn-53x75.jpg 53w\" sizes=\"(max-width: 351px) 100vw, 351px\" \/><strong>Seine Urspr\u00fcnge :<\/strong><\/p>\n<p>Der Gew\u00fcrztraminer ist eine alte Rebe bekannt immer im Elsass, Traminer rosa . Etymologisch der Name Gew\u00fcrztraminer bedeutet &#8221; scharf &#8221; .<\/p>\n<p><strong>Die aufnehmen :<\/strong><\/p>\n<p>Reichtum, Macht und Vollmundigkeit Gew\u00fcrztraminer sind in den Mund mit gro\u00dfer Freude ausgedr\u00fcckt : alles, was die Schaffung Konto von Fr\u00fcchten, Blumen und Gew\u00fcrze scheinen einen Termin in diesem Wein gemacht zu haben !<\/p>\n<p>Dieser Wein ist perfekt mit K\u00e4seplatten , M\u00fcnster, sondern auch die Maroilles , die Pont- Ev\u00eaque und Livarot .<br \/>\nEs ist auch ideal mit einem Keks oder einen Kuchen , und alle m\u00e4\u00dfig s\u00fc\u00dfen Desserts.<\/p>\n","protected":false},"excerpt":{"rendered":"<p>Seine Urspr\u00fcnge : Der Gew\u00fcrztraminer ist eine alte Rebe bekannt immer im Elsass, Traminer rosa . Etymologisch der Name Gew\u00fcrztraminer bedeutet &#8221; scharf &#8221; . Die [&hellip;]<\/p>\n","protected":false},"author":1,"featured_media":0,"parent":0,"menu_order":0,"comment_status":"closed","ping_status":"closed","template":"","meta":{"footnotes":""},"yoast_head":"<!-- This site is optimized with the Yoast SEO plugin v21.6 - https:\/\/yoast.com\/wordpress\/plugins\/seo\/ -->\n<title>Der Gewurztraminer - Vins d&#039;Alsace BOHN RENE<\/title>\n<meta name=\"robots\" content=\"index, follow, max-snippet:-1, max-image-preview:large, max-video-preview:-1\" \/>\n<link rel=\"canonical\" href=\"https:\/\/vins-bohn.alsace\/de\/der-gewurztraminer\/\" \/>\n<meta property=\"og:locale\" content=\"de_DE\" \/>\n<meta property=\"og:type\" content=\"article\" \/>\n<meta property=\"og:title\" content=\"Der Gewurztraminer - Vins d&#039;Alsace BOHN RENE\" \/>\n<meta property=\"og:description\" content=\"Seine Urspr\u00fcnge : Der Gew\u00fcrztraminer ist eine alte Rebe bekannt immer im Elsass, Traminer rosa . Etymologisch der Name Gew\u00fcrztraminer bedeutet &#8221; scharf &#8221; . Die [&hellip;]\" \/>\n<meta property=\"og:url\" content=\"https:\/\/vins-bohn.alsace\/de\/der-gewurztraminer\/\" \/>\n<meta property=\"og:site_name\" content=\"Vins d&#039;Alsace BOHN RENE\" \/>\n<meta property=\"article:modified_time\" content=\"2016-03-01T08:32:19+00:00\" \/>\n<meta property=\"og:image\" content=\"http:\/\/vins-bohn.alsace\/wp-content\/uploads\/2015\/11\/gewurtraminer-alsace-bohn.jpg\" \/>\n<meta name=\"twitter:card\" content=\"summary_large_image\" \/>\n<script type=\"application\/ld+json\" class=\"yoast-schema-graph\">{\"@context\":\"https:\/\/schema.org\",\"@graph\":[{\"@type\":\"WebPage\",\"@id\":\"https:\/\/vins-bohn.alsace\/de\/der-gewurztraminer\/\",\"url\":\"https:\/\/vins-bohn.alsace\/de\/der-gewurztraminer\/\",\"name\":\"Der Gewurztraminer - Vins d&#039;Alsace BOHN RENE\",\"isPartOf\":{\"@id\":\"http:\/\/vins-bohn.alsace\/#website\"},\"datePublished\":\"2016-02-15T12:54:33+00:00\",\"dateModified\":\"2016-03-01T08:32:19+00:00\",\"breadcrumb\":{\"@id\":\"https:\/\/vins-bohn.alsace\/de\/der-gewurztraminer\/#breadcrumb\"},\"inLanguage\":\"de\",\"potentialAction\":[{\"@type\":\"ReadAction\",\"target\":[\"https:\/\/vins-bohn.alsace\/de\/der-gewurztraminer\/\"]}]},{\"@type\":\"BreadcrumbList\",\"@id\":\"https:\/\/vins-bohn.alsace\/de\/der-gewurztraminer\/#breadcrumb\",\"itemListElement\":[{\"@type\":\"ListItem\",\"position\":1,\"name\":\"Accueil\",\"item\":\"http:\/\/vins-bohn.alsace\/de\/\"},{\"@type\":\"ListItem\",\"position\":2,\"name\":\"Der Gewurztraminer\"}]},{\"@type\":\"WebSite\",\"@id\":\"http:\/\/vins-bohn.alsace\/#website\",\"url\":\"http:\/\/vins-bohn.alsace\/\",\"name\":\"Vins d&#039;Alsace BOHN RENE\",\"description\":\"Vin de Blienschwiller - Route des Vins Alsace\",\"potentialAction\":[{\"@type\":\"SearchAction\",\"target\":{\"@type\":\"EntryPoint\",\"urlTemplate\":\"http:\/\/vins-bohn.alsace\/?s={search_term_string}\"},\"query-input\":\"required name=search_term_string\"}],\"inLanguage\":\"de\"}]}<\/script>\n<!-- \/ Yoast SEO plugin. -->","yoast_head_json":{"title":"Der Gewurztraminer - Vins d&#039;Alsace BOHN RENE","robots":{"index":"index","follow":"follow","max-snippet":"max-snippet:-1","max-image-preview":"max-image-preview:large","max-video-preview":"max-video-preview:-1"},"canonical":"https:\/\/vins-bohn.alsace\/de\/der-gewurztraminer\/","og_locale":"de_DE","og_type":"article","og_title":"Der Gewurztraminer - Vins d&#039;Alsace BOHN RENE","og_description":"Seine Urspr\u00fcnge : Der Gew\u00fcrztraminer ist eine alte Rebe bekannt immer im Elsass, Traminer rosa . Etymologisch der Name Gew\u00fcrztraminer bedeutet &#8221; scharf &#8221; . Die [&hellip;]","og_url":"https:\/\/vins-bohn.alsace\/de\/der-gewurztraminer\/","og_site_name":"Vins d&#039;Alsace BOHN RENE","article_modified_time":"2016-03-01T08:32:19+00:00","og_image":[{"url":"http:\/\/vins-bohn.alsace\/wp-content\/uploads\/2015\/11\/gewurtraminer-alsace-bohn.jpg"}],"twitter_card":"summary_large_image","schema":{"@context":"https:\/\/schema.org","@graph":[{"@type":"WebPage","@id":"https:\/\/vins-bohn.alsace\/de\/der-gewurztraminer\/","url":"https:\/\/vins-bohn.alsace\/de\/der-gewurztraminer\/","name":"Der Gewurztraminer - Vins d&#039;Alsace BOHN RENE","isPartOf":{"@id":"http:\/\/vins-bohn.alsace\/#website"},"datePublished":"2016-02-15T12:54:33+00:00","dateModified":"2016-03-01T08:32:19+00:00","breadcrumb":{"@id":"https:\/\/vins-bohn.alsace\/de\/der-gewurztraminer\/#breadcrumb"},"inLanguage":"de","potentialAction":[{"@type":"ReadAction","target":["https:\/\/vins-bohn.alsace\/de\/der-gewurztraminer\/"]}]},{"@type":"BreadcrumbList","@id":"https:\/\/vins-bohn.alsace\/de\/der-gewurztraminer\/#breadcrumb","itemListElement":[{"@type":"ListItem","position":1,"name":"Accueil","item":"http:\/\/vins-bohn.alsace\/de\/"},{"@type":"ListItem","position":2,"name":"Der Gewurztraminer"}]},{"@type":"WebSite","@id":"http:\/\/vins-bohn.alsace\/#website","url":"http:\/\/vins-bohn.alsace\/","name":"Vins d&#039;Alsace BOHN RENE","description":"Vin de Blienschwiller - Route des Vins Alsace","potentialAction":[{"@type":"SearchAction","target":{"@type":"EntryPoint","urlTemplate":"http:\/\/vins-bohn.alsace\/?s={search_term_string}"},"query-input":"required name=search_term_string"}],"inLanguage":"de"}]}},"_links":{"self":[{"href":"https:\/\/vins-bohn.alsace\/de\/wp-json\/wp\/v2\/pages\/2667"}],"collection":[{"href":"https:\/\/vins-bohn.alsace\/de\/wp-json\/wp\/v2\/pages"}],"about":[{"href":"https:\/\/vins-bohn.alsace\/de\/wp-json\/wp\/v2\/types\/page"}],"author":[{"embeddable":true,"href":"https:\/\/vins-bohn.alsace\/de\/wp-json\/wp\/v2\/users\/1"}],"replies":[{"embeddable":true,"href":"https:\/\/vins-bohn.alsace\/de\/wp-json\/wp\/v2\/comments?post=2667"}],"version-history":[{"count":2,"href":"https:\/\/vins-bohn.alsace\/de\/wp-json\/wp\/v2\/pages\/2667\/revisions"}],"predecessor-version":[{"id":2800,"href":"https:\/\/vins-bohn.alsace\/de\/wp-json\/wp\/v2\/pages\/2667\/revisions\/2800"}],"wp:attachment":[{"href":"https:\/\/vins-bohn.alsace\/de\/wp-json\/wp\/v2\/media?parent=2667"}],"curies":[{"name":"wp","href":"https:\/\/api.w.org\/{rel}","templated":true}]}}