{"id":2815,"date":"2016-03-01T10:04:18","date_gmt":"2016-03-01T09:04:18","guid":{"rendered":"http:\/\/vins-bohn.alsace\/de\/?page_id=2815"},"modified":"2016-03-01T10:04:18","modified_gmt":"2016-03-01T09:04:18","slug":"impressum","status":"publish","type":"page","link":"https:\/\/vins-bohn.alsace\/de\/impressum\/","title":{"rendered":"Impressum"},"content":{"rendered":"<p><strong>Information zur Verf\u00fcgung gestellt<\/strong><\/p>\n<p>Der Inhalt dieser Website ist zu Informationszwecken zur Verf\u00fcgung gestellt. Die Existenz eines Link von unserer Website auf eine andere Website stellt keine Validierung dieser Website oder ihren Inhalt handeln. Es liegt an den Benutzer diese Informationen sinnvoll zu nutzen und kritisch.<br \/>\nDie Verantwortung der Verlag ist nicht haftbar f\u00fcr Informationen, Meinungen und von diesen Dritten Empfehlungen. Alle Hypertext-Link zu dieser Website ist nur nach vorheriger ausdr\u00fccklicher Genehmigung des Herausgebers.<\/p>\n<p><strong>Copyright<\/strong><\/p>\n<p>Die Website muss als ein unteilbares Ganzes betrachtet werden. Die Informationen, es ist nur f\u00fcr den pers\u00f6nlichen Gebrauch enth\u00e4lt und nicht ganz oder teilweise reproduziert oder \u00fcbermittelt werden. Alle Elemente, aus denen diese Website (Text, Nachrichten, Bilder, Fotos, Grafiken, Logos, Marken, Sounds, Video, Software, Karten, Namen, Designs und arbeitet sch\u00fctzbar verschiedene, Datenbanken, &#8230;) und die Website selbst -Auch, sind von Franz\u00f6sisch und internationale Gesetze zum Urheberrecht und geistiges Eigentum.<\/p>\n<p>Diese Elemente sind das ausschlie\u00dfliche Eigentum von R\u00e9my Bohn, ausschlie\u00dflich der Einzelteile gemacht von Au\u00dfenstehenden zu R\u00e9my Bohn, die ihr Urheberrecht nicht \u00fcbertragen haben.<\/p>\n<p>Jede Vervielf\u00e4ltigung, Darstellung oder Verteilung f\u00fcr andere Zwecke als den pers\u00f6nlichen, alle oder einen Teil der Inhalte dieser Website auf jedem Medium oder mit irgendwelchen Mitteln auch immer, ist verboten. Der Versto\u00df gegen diese nachzukommen, ist ein Versto\u00df gegen zivil- und strafrechtliche Folgen entstehen.<\/p>\n<p><strong>personenbezogenen Daten<\/strong><\/p>\n<p>Nach dem Gesetz &#8220;Informatik und Freiheit&#8221; n \u00b0 78-17 vom 6. Januar 1978 \u00fcber Computer, Dateien und Freiheiten, haben Sie ein Recht keine pers\u00f6nlichen Daten, die Sie auf verlassen zuzugreifen und zu korrigieren diese Website. Um diese Rechte auszu\u00fcben, eine E-Mail an vins-bon.alsace senden.<br \/>\nDar\u00fcber hinaus verpflichten wir uns, alle notwendigen Vorkehrungen zu treffen, um die Sicherheit dieser Informationen zu erhalten und zu verhindern, dass es verzerrt, besch\u00e4digt oder an Dritte weitergegeben, nat\u00fcrliche oder juristische Person.<\/p>\n<p><strong>Bildnachweis<\/strong><\/p>\n<p>Schie\u00dfen im September 2015 \u00a9 Chbcrea-Studio f\u00fcr R. Bohn<br \/>\nweitere Bilder gekauft Shutterstock.com<\/p>\n<p>&nbsp;<\/p>\n<p><strong>Website-Eigent\u00fcmer<\/strong><\/p>\n<p>R\u00e9my Bohn &#8211; Managing Editor<\/p>\n<p>Hosting und Design Website<\/p>\n<p>Diese Website wurde von CHB \/ Studio erstellte, digitale Agentur im Elsass Zentrum geschaffen.<br \/>\nTel. 07 86 09 77 38 &#8211; http:\/\/chbcrea.alsace &#8211; Hosting OVH Frankreich 2015<\/p>\n","protected":false},"excerpt":{"rendered":"<p>Information zur Verf\u00fcgung gestellt Der Inhalt dieser Website ist zu Informationszwecken zur Verf\u00fcgung gestellt. Die Existenz eines Link von unserer Website auf eine andere Website stellt [&hellip;]<\/p>\n","protected":false},"author":2,"featured_media":0,"parent":0,"menu_order":0,"comment_status":"closed","ping_status":"closed","template":"","meta":{"footnotes":""},"yoast_head":"<!-- This site is optimized with the Yoast SEO plugin v21.6 - https:\/\/yoast.com\/wordpress\/plugins\/seo\/ -->\n<title>Impressum - Vins d&#039;Alsace BOHN RENE<\/title>\n<meta name=\"robots\" content=\"index, follow, max-snippet:-1, max-image-preview:large, max-video-preview:-1\" \/>\n<link rel=\"canonical\" href=\"https:\/\/vins-bohn.alsace\/de\/impressum\/\" \/>\n<meta property=\"og:locale\" content=\"de_DE\" \/>\n<meta property=\"og:type\" content=\"article\" \/>\n<meta property=\"og:title\" content=\"Impressum - Vins d&#039;Alsace BOHN RENE\" \/>\n<meta property=\"og:description\" content=\"Information zur Verf\u00fcgung gestellt Der Inhalt dieser Website ist zu Informationszwecken zur Verf\u00fcgung gestellt. Die Existenz eines Link von unserer Website auf eine andere Website stellt [&hellip;]\" \/>\n<meta property=\"og:url\" content=\"https:\/\/vins-bohn.alsace\/de\/impressum\/\" \/>\n<meta property=\"og:site_name\" content=\"Vins d&#039;Alsace BOHN RENE\" \/>\n<meta name=\"twitter:card\" content=\"summary_large_image\" \/>\n<meta name=\"twitter:label1\" content=\"Gesch\u00e4tzte Lesezeit\" \/>\n\t<meta name=\"twitter:data1\" content=\"2\u00a0Minuten\" \/>\n<script type=\"application\/ld+json\" class=\"yoast-schema-graph\">{\"@context\":\"https:\/\/schema.org\",\"@graph\":[{\"@type\":\"WebPage\",\"@id\":\"https:\/\/vins-bohn.alsace\/de\/impressum\/\",\"url\":\"https:\/\/vins-bohn.alsace\/de\/impressum\/\",\"name\":\"Impressum - Vins d&#039;Alsace BOHN RENE\",\"isPartOf\":{\"@id\":\"http:\/\/vins-bohn.alsace\/#website\"},\"datePublished\":\"2016-03-01T09:04:18+00:00\",\"dateModified\":\"2016-03-01T09:04:18+00:00\",\"breadcrumb\":{\"@id\":\"https:\/\/vins-bohn.alsace\/de\/impressum\/#breadcrumb\"},\"inLanguage\":\"de\",\"potentialAction\":[{\"@type\":\"ReadAction\",\"target\":[\"https:\/\/vins-bohn.alsace\/de\/impressum\/\"]}]},{\"@type\":\"BreadcrumbList\",\"@id\":\"https:\/\/vins-bohn.alsace\/de\/impressum\/#breadcrumb\",\"itemListElement\":[{\"@type\":\"ListItem\",\"position\":1,\"name\":\"Accueil\",\"item\":\"http:\/\/vins-bohn.alsace\/de\/\"},{\"@type\":\"ListItem\",\"position\":2,\"name\":\"Impressum\"}]},{\"@type\":\"WebSite\",\"@id\":\"http:\/\/vins-bohn.alsace\/#website\",\"url\":\"http:\/\/vins-bohn.alsace\/\",\"name\":\"Vins d&#039;Alsace BOHN RENE\",\"description\":\"Vin de Blienschwiller - Route des Vins Alsace\",\"potentialAction\":[{\"@type\":\"SearchAction\",\"target\":{\"@type\":\"EntryPoint\",\"urlTemplate\":\"http:\/\/vins-bohn.alsace\/?s={search_term_string}\"},\"query-input\":\"required name=search_term_string\"}],\"inLanguage\":\"de\"}]}<\/script>\n<!-- \/ Yoast SEO plugin. -->","yoast_head_json":{"title":"Impressum - Vins d&#039;Alsace BOHN RENE","robots":{"index":"index","follow":"follow","max-snippet":"max-snippet:-1","max-image-preview":"max-image-preview:large","max-video-preview":"max-video-preview:-1"},"canonical":"https:\/\/vins-bohn.alsace\/de\/impressum\/","og_locale":"de_DE","og_type":"article","og_title":"Impressum - Vins d&#039;Alsace BOHN RENE","og_description":"Information zur Verf\u00fcgung gestellt Der Inhalt dieser Website ist zu Informationszwecken zur Verf\u00fcgung gestellt. Die Existenz eines Link von unserer Website auf eine andere Website stellt [&hellip;]","og_url":"https:\/\/vins-bohn.alsace\/de\/impressum\/","og_site_name":"Vins d&#039;Alsace BOHN RENE","twitter_card":"summary_large_image","twitter_misc":{"Gesch\u00e4tzte Lesezeit":"2\u00a0Minuten"},"schema":{"@context":"https:\/\/schema.org","@graph":[{"@type":"WebPage","@id":"https:\/\/vins-bohn.alsace\/de\/impressum\/","url":"https:\/\/vins-bohn.alsace\/de\/impressum\/","name":"Impressum - Vins d&#039;Alsace BOHN RENE","isPartOf":{"@id":"http:\/\/vins-bohn.alsace\/#website"},"datePublished":"2016-03-01T09:04:18+00:00","dateModified":"2016-03-01T09:04:18+00:00","breadcrumb":{"@id":"https:\/\/vins-bohn.alsace\/de\/impressum\/#breadcrumb"},"inLanguage":"de","potentialAction":[{"@type":"ReadAction","target":["https:\/\/vins-bohn.alsace\/de\/impressum\/"]}]},{"@type":"BreadcrumbList","@id":"https:\/\/vins-bohn.alsace\/de\/impressum\/#breadcrumb","itemListElement":[{"@type":"ListItem","position":1,"name":"Accueil","item":"http:\/\/vins-bohn.alsace\/de\/"},{"@type":"ListItem","position":2,"name":"Impressum"}]},{"@type":"WebSite","@id":"http:\/\/vins-bohn.alsace\/#website","url":"http:\/\/vins-bohn.alsace\/","name":"Vins d&#039;Alsace BOHN RENE","description":"Vin de Blienschwiller - Route des Vins Alsace","potentialAction":[{"@type":"SearchAction","target":{"@type":"EntryPoint","urlTemplate":"http:\/\/vins-bohn.alsace\/?s={search_term_string}"},"query-input":"required name=search_term_string"}],"inLanguage":"de"}]}},"_links":{"self":[{"href":"https:\/\/vins-bohn.alsace\/de\/wp-json\/wp\/v2\/pages\/2815"}],"collection":[{"href":"https:\/\/vins-bohn.alsace\/de\/wp-json\/wp\/v2\/pages"}],"about":[{"href":"https:\/\/vins-bohn.alsace\/de\/wp-json\/wp\/v2\/types\/page"}],"author":[{"embeddable":true,"href":"https:\/\/vins-bohn.alsace\/de\/wp-json\/wp\/v2\/users\/2"}],"replies":[{"embeddable":true,"href":"https:\/\/vins-bohn.alsace\/de\/wp-json\/wp\/v2\/comments?post=2815"}],"version-history":[{"count":1,"href":"https:\/\/vins-bohn.alsace\/de\/wp-json\/wp\/v2\/pages\/2815\/revisions"}],"predecessor-version":[{"id":2817,"href":"https:\/\/vins-bohn.alsace\/de\/wp-json\/wp\/v2\/pages\/2815\/revisions\/2817"}],"wp:attachment":[{"href":"https:\/\/vins-bohn.alsace\/de\/wp-json\/wp\/v2\/media?parent=2815"}],"curies":[{"name":"wp","href":"https:\/\/api.w.org\/{rel}","templated":true}]}}